{"id":91285,"date":"2023-10-19T20:21:04","date_gmt":"2023-10-19T18:21:04","guid":{"rendered":"https:\/\/preprod.enovacom.com\/kontakt"},"modified":"2025-04-22T12:32:55","modified_gmt":"2025-04-22T10:32:55","slug":"kontakt","status":"publish","type":"page","link":"https:\/\/www.enovacom.com\/de\/kontakt\/","title":{"rendered":"Kontakt"},"content":{"rendered":"\t\t<div data-elementor-type=\"wp-page\" data-elementor-id=\"91285\" class=\"elementor elementor-91285 elementor-72367\" data-elementor-post-type=\"page\">\n\t\t\t\t<div class=\"elementor-element elementor-element-23974420 e-con-full e-flex e-con e-parent\" data-id=\"23974420\" data-element_type=\"container\" data-e-type=\"container\" data-settings=\"{&quot;background_background&quot;:&quot;classic&quot;}\">\n\t\t<div class=\"elementor-element elementor-element-6b33350e e-con-full e-flex e-con e-child\" data-id=\"6b33350e\" data-element_type=\"container\" data-e-type=\"container\">\n\t\t<div class=\"elementor-element elementor-element-4ab8fc34 e-con-full e-flex e-con e-child\" data-id=\"4ab8fc34\" data-element_type=\"container\" data-e-type=\"container\">\n\t\t<div class=\"elementor-element elementor-element-33bd721 e-flex e-con-boxed e-con e-child\" data-id=\"33bd721\" data-element_type=\"container\" data-e-type=\"container\">\n\t\t\t\t\t<div class=\"e-con-inner\">\n\t\t\t\t<div class=\"elementor-element elementor-element-337e30e elementor-widget elementor-widget-heading\" data-id=\"337e30e\" data-element_type=\"widget\" data-e-type=\"widget\" data-widget_type=\"heading.default\">\n\t\t\t\t<div class=\"elementor-widget-container\">\n\t\t\t\t\t<h2 class=\"elementor-heading-title elementor-size-default\">Kundenservice<\/h2>\t\t\t\t<\/div>\n\t\t\t\t<\/div>\n\t\t\t\t<div class=\"elementor-element elementor-element-a8ea790 elementor-widget elementor-widget-text-editor\" data-id=\"a8ea790\" data-element_type=\"widget\" data-e-type=\"widget\" data-widget_type=\"text-editor.default\">\n\t\t\t\t<div class=\"elementor-widget-container\">\n\t\t\t\t\t\t\t\t\t<p>Sie haben Interesse an unseren L\u00f6sungen und m\u00f6chten unser Sales Team erreichen?\u00a0<\/p>\t\t\t\t\t\t\t\t<\/div>\n\t\t\t\t<\/div>\n\t\t\t\t<div class=\"elementor-element elementor-element-d3d44a9 elementor-icon-list--layout-traditional elementor-list-item-link-full_width elementor-widget elementor-widget-icon-list\" data-id=\"d3d44a9\" data-element_type=\"widget\" data-e-type=\"widget\" data-widget_type=\"icon-list.default\">\n\t\t\t\t<div class=\"elementor-widget-container\">\n\t\t\t\t\t\t\t<ul class=\"elementor-icon-list-items\">\n\t\t\t\t\t\t\t<li class=\"elementor-icon-list-item\">\n\t\t\t\t\t\t\t\t\t\t\t<a href=\"mailto:contact.team@enovacom.com\">\n\n\t\t\t\t\t\t\t\t\t\t\t\t<span class=\"elementor-icon-list-icon\">\n\t\t\t\t\t\t\t<svg xmlns=\"http:\/\/www.w3.org\/2000\/svg\" id=\"Calque_2\" viewBox=\"0 0 537.86 373.56\"><defs><style>.cls-1{fill:#e5694a;}.cls-2{fill:none;stroke:#003f3c;stroke-linecap:round;stroke-miterlimit:10;stroke-width:27px;}<\/style><\/defs><g id=\"messagerie\"><g id=\"Enveloppe\"><path class=\"cls-2\" d=\"m441.78,360.06H31.3c-9.83,0-17.8-7.97-17.8-17.8V31.3c0-9.83,7.97-17.8,17.8-17.8h475.25c9.83,0,17.8,7.97,17.8,17.8v246.01\"><\/path><path class=\"cls-2\" d=\"m518.44,23.02l-121.76,79.56-118.88,77.67c-6.02,3.93-13.82,3.86-19.76-.19l-117.36-79.93L19.75,17.76\"><\/path><circle class=\"cls-1\" cx=\"438.34\" cy=\"277.31\" r=\"34.13\"><\/circle><\/g><\/g><\/svg>\t\t\t\t\t\t<\/span>\n\t\t\t\t\t\t\t\t\t\t<span class=\"elementor-icon-list-text\">contact.team@enovacom.com<\/span>\n\t\t\t\t\t\t\t\t\t\t\t<\/a>\n\t\t\t\t\t\t\t\t\t<\/li>\n\t\t\t\t\t\t<\/ul>\n\t\t\t\t\t\t<\/div>\n\t\t\t\t<\/div>\n\t\t\t\t\t<\/div>\n\t\t\t\t<\/div>\n\t\t\t\t<div class=\"elementor-element elementor-element-7b0e217 elementor-widget elementor-widget-spacer\" data-id=\"7b0e217\" data-element_type=\"widget\" data-e-type=\"widget\" data-widget_type=\"spacer.default\">\n\t\t\t\t<div class=\"elementor-widget-container\">\n\t\t\t\t\t\t\t<div class=\"elementor-spacer\">\n\t\t\t<div class=\"elementor-spacer-inner\"><\/div>\n\t\t<\/div>\n\t\t\t\t\t\t<\/div>\n\t\t\t\t<\/div>\n\t\t<div class=\"elementor-element elementor-element-b9dc12b e-flex e-con-boxed e-con e-child\" data-id=\"b9dc12b\" data-element_type=\"container\" data-e-type=\"container\">\n\t\t\t\t\t<div class=\"e-con-inner\">\n\t\t\t\t<div class=\"elementor-element elementor-element-aa35dc4 elementor-widget elementor-widget-heading\" data-id=\"aa35dc4\" data-element_type=\"widget\" data-e-type=\"widget\" data-widget_type=\"heading.default\">\n\t\t\t\t<div class=\"elementor-widget-container\">\n\t\t\t\t\t<h2 class=\"elementor-heading-title elementor-size-default\">Produkt-Support<\/h2>\t\t\t\t<\/div>\n\t\t\t\t<\/div>\n\t\t\t\t<div class=\"elementor-element elementor-element-09c1780 elementor-widget elementor-widget-text-editor\" data-id=\"09c1780\" data-element_type=\"widget\" data-e-type=\"widget\" data-widget_type=\"text-editor.default\">\n\t\t\t\t<div class=\"elementor-widget-container\">\n\t\t\t\t\t\t\t\t\t<p>Sie nutzen unsere Produkte und brauchen Hilfe?<\/p>\n\t\t\t\t\t\t\t\t<\/div>\n\t\t\t\t<\/div>\n\t\t\t\t<div class=\"elementor-element elementor-element-90f4f16 elementor-icon-list--layout-traditional elementor-list-item-link-full_width elementor-widget elementor-widget-icon-list\" data-id=\"90f4f16\" data-element_type=\"widget\" data-e-type=\"widget\" data-widget_type=\"icon-list.default\">\n\t\t\t\t<div class=\"elementor-widget-container\">\n\t\t\t\t\t\t\t<ul class=\"elementor-icon-list-items\">\n\t\t\t\t\t\t\t<li class=\"elementor-icon-list-item\">\n\t\t\t\t\t\t\t\t\t\t\t<a href=\"https:\/\/support.enovacom.com\">\n\n\t\t\t\t\t\t\t\t\t\t\t\t<span class=\"elementor-icon-list-icon\">\n\t\t\t\t\t\t\t<i aria-hidden=\"true\" class=\"icon icon-Seringue\"><\/i>\t\t\t\t\t\t<\/span>\n\t\t\t\t\t\t\t\t\t\t<span class=\"elementor-icon-list-text\">https:\/\/support.enovacom.com<\/span>\n\t\t\t\t\t\t\t\t\t\t\t<\/a>\n\t\t\t\t\t\t\t\t\t<\/li>\n\t\t\t\t\t\t\t\t<li class=\"elementor-icon-list-item\">\n\t\t\t\t\t\t\t\t\t\t\t<a href=\"mailto:support.team@enovacom.com%20\">\n\n\t\t\t\t\t\t\t\t\t\t\t\t<span class=\"elementor-icon-list-icon\">\n\t\t\t\t\t\t\t<svg xmlns=\"http:\/\/www.w3.org\/2000\/svg\" id=\"Calque_2\" viewBox=\"0 0 537.86 373.56\"><defs><style>.cls-1{fill:#e5694a;}.cls-2{fill:none;stroke:#003f3c;stroke-linecap:round;stroke-miterlimit:10;stroke-width:27px;}<\/style><\/defs><g id=\"messagerie\"><g id=\"Enveloppe\"><path class=\"cls-2\" d=\"m441.78,360.06H31.3c-9.83,0-17.8-7.97-17.8-17.8V31.3c0-9.83,7.97-17.8,17.8-17.8h475.25c9.83,0,17.8,7.97,17.8,17.8v246.01\"><\/path><path class=\"cls-2\" d=\"m518.44,23.02l-121.76,79.56-118.88,77.67c-6.02,3.93-13.82,3.86-19.76-.19l-117.36-79.93L19.75,17.76\"><\/path><circle class=\"cls-1\" cx=\"438.34\" cy=\"277.31\" r=\"34.13\"><\/circle><\/g><\/g><\/svg>\t\t\t\t\t\t<\/span>\n\t\t\t\t\t\t\t\t\t\t<span class=\"elementor-icon-list-text\">support.team@enovacom.com <\/span>\n\t\t\t\t\t\t\t\t\t\t\t<\/a>\n\t\t\t\t\t\t\t\t\t<\/li>\n\t\t\t\t\t\t<\/ul>\n\t\t\t\t\t\t<\/div>\n\t\t\t\t<\/div>\n\t\t\t\t\t<\/div>\n\t\t\t\t<\/div>\n\t\t\t\t<div class=\"elementor-element elementor-element-66f4a69 elementor-widget elementor-widget-spacer\" data-id=\"66f4a69\" data-element_type=\"widget\" data-e-type=\"widget\" data-widget_type=\"spacer.default\">\n\t\t\t\t<div class=\"elementor-widget-container\">\n\t\t\t\t\t\t\t<div class=\"elementor-spacer\">\n\t\t\t<div class=\"elementor-spacer-inner\"><\/div>\n\t\t<\/div>\n\t\t\t\t\t\t<\/div>\n\t\t\t\t<\/div>\n\t\t<div class=\"elementor-element elementor-element-af27010 e-flex e-con-boxed e-con e-child\" data-id=\"af27010\" data-element_type=\"container\" data-e-type=\"container\">\n\t\t\t\t\t<div class=\"e-con-inner\">\n\t\t\t\t<div class=\"elementor-element elementor-element-a033e39 elementor-widget elementor-widget-heading\" data-id=\"a033e39\" data-element_type=\"widget\" data-e-type=\"widget\" data-widget_type=\"heading.default\">\n\t\t\t\t<div class=\"elementor-widget-container\">\n\t\t\t\t\t<h2 class=\"elementor-heading-title elementor-size-default\">Unsere Telefonzentrale <\/h2>\t\t\t\t<\/div>\n\t\t\t\t<\/div>\n\t\t\t\t<div class=\"elementor-element elementor-element-0233972 elementor-icon-list--layout-traditional elementor-list-item-link-full_width elementor-widget elementor-widget-icon-list\" data-id=\"0233972\" data-element_type=\"widget\" data-e-type=\"widget\" data-widget_type=\"icon-list.default\">\n\t\t\t\t<div class=\"elementor-widget-container\">\n\t\t\t\t\t\t\t<ul class=\"elementor-icon-list-items\">\n\t\t\t\t\t\t\t<li class=\"elementor-icon-list-item\">\n\t\t\t\t\t\t\t\t\t\t\t<a href=\"tel:+33(0)486670680\">\n\n\t\t\t\t\t\t\t\t\t\t\t\t<span class=\"elementor-icon-list-icon\">\n\t\t\t\t\t\t\t\t\t\t\t\t\t<\/span>\n\t\t\t\t\t\t\t\t\t\t<span class=\"elementor-icon-list-text\">+33 (0) 486 670 000<\/span>\n\t\t\t\t\t\t\t\t\t\t\t<\/a>\n\t\t\t\t\t\t\t\t\t<\/li>\n\t\t\t\t\t\t<\/ul>\n\t\t\t\t\t\t<\/div>\n\t\t\t\t<\/div>\n\t\t\t\t\t<\/div>\n\t\t\t\t<\/div>\n\t\t\t\t<\/div>\n\t\t<div class=\"elementor-element elementor-element-7dba1bc1 e-con-full e-flex e-con e-child\" data-id=\"7dba1bc1\" data-element_type=\"container\" data-e-type=\"container\">\n\t\t\t\t<div class=\"elementor-element elementor-element-e3d0b1e elementor-widget elementor-widget-heading\" data-id=\"e3d0b1e\" data-element_type=\"widget\" data-e-type=\"widget\" data-widget_type=\"heading.default\">\n\t\t\t\t<div class=\"elementor-widget-container\">\n\t\t\t\t\t<h3 class=\"elementor-heading-title elementor-size-default\">Ein Projekt? Eine Frage? F\u00fcllen Sie bitte das Formular aus. <\/h3>\t\t\t\t<\/div>\n\t\t\t\t<\/div>\n\t\t\t\t<div class=\"elementor-element elementor-element-6f84d25 elementor-widget elementor-widget-shortcode\" data-id=\"6f84d25\" data-element_type=\"widget\" data-e-type=\"widget\" data-widget_type=\"shortcode.default\">\n\t\t\t\t<div class=\"elementor-widget-container\">\n\t\t\t\t\t\t\t<div class=\"elementor-shortcode\"><div><form id=\"plz-form-23c2e7d2-96db-4c20-8412-580642154641\"><\/form><script async src=https:\/\/brain.plezi.co\/api\/v1\/web_forms\/scripts?content_web_form_id=23c2e7d2-96db-4c20-8412-580642154641><\/script><\/div><\/div>\n\t\t\t\t\t\t<\/div>\n\t\t\t\t<\/div>\n\t\t\t\t<\/div>\n\t\t\t\t<\/div>\n\t\t\t\t<\/div>\n\t\t\t\t<\/div>\n\t\t","protected":false},"excerpt":{"rendered":"<p>Kundenservice Sie haben Interesse an unseren L\u00f6sungen und m\u00f6chten unser Sales Team erreichen?\u00a0 contact.team@enovacom.com Produkt-Support Sie nutzen unsere Produkte und brauchen Hilfe? support.team@enovacom.com Unsere Telefonzentrale +33 (0) 486 670 000 Ein Projekt? Eine Frage? F\u00fcllen Sie bitte das Formular aus.<\/p>\n","protected":false},"author":1001129,"featured_media":0,"parent":0,"menu_order":0,"comment_status":"closed","ping_status":"closed","template":"","meta":{"_acf_changed":false,"footnotes":""},"class_list":["post-91285","page","type-page","status-publish","hentry"],"acf":[],"yoast_head":"<!-- This site is optimized with the Yoast SEO plugin v27.3 - https:\/\/yoast.com\/product\/yoast-seo-wordpress\/ -->\n<title>Kontakt<\/title>\n<meta name=\"description\" content=\"Kontaktieren Sie uns, um \u00fcber Interoperabilit\u00e4t, IAM, biomedizinische Interoperabilit\u00e4t und Data Warehouse zu sprechen.\" \/>\n<meta name=\"robots\" content=\"index, follow, max-snippet:-1, max-image-preview:large, max-video-preview:-1\" \/>\n<link rel=\"canonical\" href=\"https:\/\/www.enovacom.com\/de\/kontakt\/\" \/>\n<meta property=\"og:locale\" content=\"de_DE\" \/>\n<meta property=\"og:type\" content=\"article\" \/>\n<meta property=\"og:title\" content=\"Kontakt\" \/>\n<meta property=\"og:description\" content=\"Kontaktieren Sie uns, um \u00fcber Interoperabilit\u00e4t, IAM, biomedizinische Interoperabilit\u00e4t und Data Warehouse zu sprechen.\" \/>\n<meta property=\"og:url\" content=\"https:\/\/www.enovacom.com\/de\/kontakt\/\" \/>\n<meta property=\"og:site_name\" content=\"Enovacom\" \/>\n<meta property=\"article:publisher\" content=\"https:\/\/www.facebook.com\/enovacom\" \/>\n<meta property=\"article:modified_time\" content=\"2025-04-22T10:32:55+00:00\" \/>\n<meta property=\"og:image\" content=\"https:\/\/www.enovacom.com\/wp-content\/uploads\/2023\/10\/Group-13.png\" \/>\n\t<meta property=\"og:image:width\" content=\"1440\" \/>\n\t<meta property=\"og:image:height\" content=\"860\" \/>\n\t<meta property=\"og:image:type\" content=\"image\/png\" \/>\n<meta name=\"twitter:card\" content=\"summary_large_image\" \/>\n<meta name=\"twitter:site\" content=\"@enovacom_fr\" \/>\n<meta name=\"twitter:label1\" content=\"Gesch\u00e4tzte Lesezeit\" \/>\n\t<meta name=\"twitter:data1\" content=\"1\u00a0Minute\" \/>\n<script type=\"application\/ld+json\" class=\"yoast-schema-graph\">{\"@context\":\"https:\\\/\\\/schema.org\",\"@graph\":[{\"@type\":\"WebPage\",\"@id\":\"https:\\\/\\\/www.enovacom.com\\\/de\\\/kontakt\\\/\",\"url\":\"https:\\\/\\\/www.enovacom.com\\\/de\\\/kontakt\\\/\",\"name\":\"Kontakt\",\"isPartOf\":{\"@id\":\"https:\\\/\\\/www.enovacom.com\\\/de\\\/#website\"},\"datePublished\":\"2023-10-19T18:21:04+00:00\",\"dateModified\":\"2025-04-22T10:32:55+00:00\",\"description\":\"Kontaktieren Sie uns, um \u00fcber Interoperabilit\u00e4t, IAM, biomedizinische Interoperabilit\u00e4t und Data Warehouse zu sprechen.\",\"breadcrumb\":{\"@id\":\"https:\\\/\\\/www.enovacom.com\\\/de\\\/kontakt\\\/#breadcrumb\"},\"inLanguage\":\"de\",\"potentialAction\":[{\"@type\":\"ReadAction\",\"target\":[\"https:\\\/\\\/www.enovacom.com\\\/de\\\/kontakt\\\/\"]}]},{\"@type\":\"BreadcrumbList\",\"@id\":\"https:\\\/\\\/www.enovacom.com\\\/de\\\/kontakt\\\/#breadcrumb\",\"itemListElement\":[{\"@type\":\"ListItem\",\"position\":1,\"name\":\"Enovacom\",\"item\":\"https:\\\/\\\/www.enovacom.com\\\/de\\\/\"},{\"@type\":\"ListItem\",\"position\":2,\"name\":\"Kontakt\"}]},{\"@type\":\"WebSite\",\"@id\":\"https:\\\/\\\/www.enovacom.com\\\/de\\\/#website\",\"url\":\"https:\\\/\\\/www.enovacom.com\\\/de\\\/\",\"name\":\"Enovacom\",\"description\":\"Facilitons l\u2019\u00e9change et le partage des donn\u00e9es de sant\u00e9, en toute confiance\",\"publisher\":{\"@id\":\"https:\\\/\\\/www.enovacom.com\\\/de\\\/#organization\"},\"potentialAction\":[{\"@type\":\"SearchAction\",\"target\":{\"@type\":\"EntryPoint\",\"urlTemplate\":\"https:\\\/\\\/www.enovacom.com\\\/de\\\/?s={search_term_string}\"},\"query-input\":{\"@type\":\"PropertyValueSpecification\",\"valueRequired\":true,\"valueName\":\"search_term_string\"}}],\"inLanguage\":\"de\"},{\"@type\":\"Organization\",\"@id\":\"https:\\\/\\\/www.enovacom.com\\\/de\\\/#organization\",\"name\":\"Enovacom\",\"url\":\"https:\\\/\\\/www.enovacom.com\\\/de\\\/\",\"logo\":{\"@type\":\"ImageObject\",\"inLanguage\":\"de\",\"@id\":\"https:\\\/\\\/www.enovacom.com\\\/de\\\/#\\\/schema\\\/logo\\\/image\\\/\",\"url\":\"https:\\\/\\\/www.enovacom.com\\\/wp-content\\\/uploads\\\/2023\\\/10\\\/logo-texte.svg\",\"contentUrl\":\"https:\\\/\\\/www.enovacom.com\\\/wp-content\\\/uploads\\\/2023\\\/10\\\/logo-texte.svg\",\"width\":209,\"height\":41,\"caption\":\"Enovacom\"},\"image\":{\"@id\":\"https:\\\/\\\/www.enovacom.com\\\/de\\\/#\\\/schema\\\/logo\\\/image\\\/\"},\"sameAs\":[\"https:\\\/\\\/www.facebook.com\\\/enovacom\",\"https:\\\/\\\/x.com\\\/enovacom_fr\",\"https:\\\/\\\/www.linkedin.com\\\/company\\\/enovacom\\\/\"]}]}<\/script>\n<!-- \/ Yoast SEO plugin. -->","yoast_head_json":{"title":"Kontakt","description":"Kontaktieren Sie uns, um \u00fcber Interoperabilit\u00e4t, IAM, biomedizinische Interoperabilit\u00e4t und Data Warehouse zu sprechen.","robots":{"index":"index","follow":"follow","max-snippet":"max-snippet:-1","max-image-preview":"max-image-preview:large","max-video-preview":"max-video-preview:-1"},"canonical":"https:\/\/www.enovacom.com\/de\/kontakt\/","og_locale":"de_DE","og_type":"article","og_title":"Kontakt","og_description":"Kontaktieren Sie uns, um \u00fcber Interoperabilit\u00e4t, IAM, biomedizinische Interoperabilit\u00e4t und Data Warehouse zu sprechen.","og_url":"https:\/\/www.enovacom.com\/de\/kontakt\/","og_site_name":"Enovacom","article_publisher":"https:\/\/www.facebook.com\/enovacom","article_modified_time":"2025-04-22T10:32:55+00:00","og_image":[{"width":1440,"height":860,"url":"https:\/\/www.enovacom.com\/wp-content\/uploads\/2023\/10\/Group-13.png","type":"image\/png"}],"twitter_card":"summary_large_image","twitter_site":"@enovacom_fr","twitter_misc":{"Gesch\u00e4tzte Lesezeit":"1\u00a0Minute"},"schema":{"@context":"https:\/\/schema.org","@graph":[{"@type":"WebPage","@id":"https:\/\/www.enovacom.com\/de\/kontakt\/","url":"https:\/\/www.enovacom.com\/de\/kontakt\/","name":"Kontakt","isPartOf":{"@id":"https:\/\/www.enovacom.com\/de\/#website"},"datePublished":"2023-10-19T18:21:04+00:00","dateModified":"2025-04-22T10:32:55+00:00","description":"Kontaktieren Sie uns, um \u00fcber Interoperabilit\u00e4t, IAM, biomedizinische Interoperabilit\u00e4t und Data Warehouse zu sprechen.","breadcrumb":{"@id":"https:\/\/www.enovacom.com\/de\/kontakt\/#breadcrumb"},"inLanguage":"de","potentialAction":[{"@type":"ReadAction","target":["https:\/\/www.enovacom.com\/de\/kontakt\/"]}]},{"@type":"BreadcrumbList","@id":"https:\/\/www.enovacom.com\/de\/kontakt\/#breadcrumb","itemListElement":[{"@type":"ListItem","position":1,"name":"Enovacom","item":"https:\/\/www.enovacom.com\/de\/"},{"@type":"ListItem","position":2,"name":"Kontakt"}]},{"@type":"WebSite","@id":"https:\/\/www.enovacom.com\/de\/#website","url":"https:\/\/www.enovacom.com\/de\/","name":"Enovacom","description":"Facilitons l\u2019\u00e9change et le partage des donn\u00e9es de sant\u00e9, en toute confiance","publisher":{"@id":"https:\/\/www.enovacom.com\/de\/#organization"},"potentialAction":[{"@type":"SearchAction","target":{"@type":"EntryPoint","urlTemplate":"https:\/\/www.enovacom.com\/de\/?s={search_term_string}"},"query-input":{"@type":"PropertyValueSpecification","valueRequired":true,"valueName":"search_term_string"}}],"inLanguage":"de"},{"@type":"Organization","@id":"https:\/\/www.enovacom.com\/de\/#organization","name":"Enovacom","url":"https:\/\/www.enovacom.com\/de\/","logo":{"@type":"ImageObject","inLanguage":"de","@id":"https:\/\/www.enovacom.com\/de\/#\/schema\/logo\/image\/","url":"https:\/\/www.enovacom.com\/wp-content\/uploads\/2023\/10\/logo-texte.svg","contentUrl":"https:\/\/www.enovacom.com\/wp-content\/uploads\/2023\/10\/logo-texte.svg","width":209,"height":41,"caption":"Enovacom"},"image":{"@id":"https:\/\/www.enovacom.com\/de\/#\/schema\/logo\/image\/"},"sameAs":["https:\/\/www.facebook.com\/enovacom","https:\/\/x.com\/enovacom_fr","https:\/\/www.linkedin.com\/company\/enovacom\/"]}]}},"_links":{"self":[{"href":"https:\/\/www.enovacom.com\/de\/wp-json\/wp\/v2\/pages\/91285","targetHints":{"allow":["GET"]}}],"collection":[{"href":"https:\/\/www.enovacom.com\/de\/wp-json\/wp\/v2\/pages"}],"about":[{"href":"https:\/\/www.enovacom.com\/de\/wp-json\/wp\/v2\/types\/page"}],"author":[{"embeddable":true,"href":"https:\/\/www.enovacom.com\/de\/wp-json\/wp\/v2\/users\/1001129"}],"replies":[{"embeddable":true,"href":"https:\/\/www.enovacom.com\/de\/wp-json\/wp\/v2\/comments?post=91285"}],"version-history":[{"count":53,"href":"https:\/\/www.enovacom.com\/de\/wp-json\/wp\/v2\/pages\/91285\/revisions"}],"predecessor-version":[{"id":101093,"href":"https:\/\/www.enovacom.com\/de\/wp-json\/wp\/v2\/pages\/91285\/revisions\/101093"}],"wp:attachment":[{"href":"https:\/\/www.enovacom.com\/de\/wp-json\/wp\/v2\/media?parent=91285"}],"curies":[{"name":"wp","href":"https:\/\/api.w.org\/{rel}","templated":true}]}}