{"id":96082,"date":"2024-01-24T11:26:24","date_gmt":"2024-01-24T10:26:24","guid":{"rendered":"https:\/\/www.enovacom.com\/our-achievements\/"},"modified":"2024-05-15T17:36:25","modified_gmt":"2024-05-15T15:36:25","slug":"our-achievements","status":"publish","type":"page","link":"https:\/\/www.enovacom.com\/en\/our-achievements\/","title":{"rendered":"Our achievements"},"content":{"rendered":"\t\t<div data-elementor-type=\"wp-page\" data-elementor-id=\"96082\" class=\"elementor elementor-96082 elementor-91962\" data-elementor-post-type=\"page\">\n\t\t\t\t<div class=\"elementor-element elementor-element-75a14e1 e-flex e-con-boxed e-con e-parent\" data-id=\"75a14e1\" data-element_type=\"container\" data-e-type=\"container\">\n\t\t\t\t\t<div class=\"e-con-inner\">\n\t\t\t\t<div class=\"elementor-element elementor-element-a630d06 elementor-widget elementor-widget-text-editor\" data-id=\"a630d06\" data-element_type=\"widget\" data-e-type=\"widget\" data-widget_type=\"text-editor.default\">\n\t\t\t\t<div class=\"elementor-widget-container\">\n\t\t\t\t\t\t\t\t\t<p><span class=\"NormalTextRun SCXW49765535 BCX8\">For more than two decades, we have guided healthcare institutions on their digital transformation journey. <\/span>Discover how Enovacom solutions-interoperability, health data warehouse, biomedical interoperability, and Identity and Access Management (IAM)-are saving time for our clients.<\/p>\t\t\t\t\t\t\t\t<\/div>\n\t\t\t\t<\/div>\n\t\t\t\t\t<\/div>\n\t\t\t\t<\/div>\n\t\t<div class=\"elementor-element elementor-element-f16cbb7 e-flex e-con-boxed e-con e-parent\" data-id=\"f16cbb7\" data-element_type=\"container\" data-e-type=\"container\">\n\t\t\t\t\t<div class=\"e-con-inner\">\n\t\t\t\t<div class=\"elementor-element elementor-element-9e974e5 elementor-grid-3 elementor-grid-tablet-2 elementor-grid-mobile-1 elementor-posts--thumbnail-top elementor-widget elementor-widget-posts\" data-id=\"9e974e5\" data-element_type=\"widget\" data-e-type=\"widget\" data-settings=\"{&quot;pagination_type&quot;:&quot;numbers&quot;,&quot;classic_columns&quot;:&quot;3&quot;,&quot;classic_columns_tablet&quot;:&quot;2&quot;,&quot;classic_columns_mobile&quot;:&quot;1&quot;,&quot;classic_row_gap&quot;:{&quot;unit&quot;:&quot;px&quot;,&quot;size&quot;:35,&quot;sizes&quot;:[]},&quot;classic_row_gap_tablet&quot;:{&quot;unit&quot;:&quot;px&quot;,&quot;size&quot;:&quot;&quot;,&quot;sizes&quot;:[]},&quot;classic_row_gap_mobile&quot;:{&quot;unit&quot;:&quot;px&quot;,&quot;size&quot;:&quot;&quot;,&quot;sizes&quot;:[]}}\" data-widget_type=\"posts.classic\">\n\t\t\t\t<div class=\"elementor-widget-container\">\n\t\t\t\t\t\t\t<div class=\"elementor-posts-container elementor-posts elementor-posts--skin-classic elementor-grid\" role=\"list\">\n\t\t\t\t<article class=\"elementor-post elementor-grid-item post-103450 realisation type-realisation status-publish has-post-thumbnail hentry\" role=\"listitem\">\n\t\t\t\t<a class=\"elementor-post__thumbnail__link\" href=\"https:\/\/www.enovacom.com\/en\/realisation\/fini-les-solutions-isolees-polypoint-a-revolutionne-son-ecosysteme-sante-avec-linteroperabilite-denovacom\/\" tabindex=\"-1\" >\n\t\t\t<div class=\"elementor-post__thumbnail\"><img fetchpriority=\"high\" decoding=\"async\" width=\"768\" height=\"512\" src=\"https:\/\/www.enovacom.com\/wp-content\/uploads\/2026\/01\/AdobeStock_1529501491-768x512.jpeg\" class=\"attachment-medium_large size-medium_large wp-image-103568\" alt=\"Two people consult a computer displaying all the connected interfaces of their healthcare system, made possible by interoperability.\" \/><\/div>\n\t\t<\/a>\n\t\t\t\t<div class=\"elementor-post__text\">\n\t\t\t\t<h3 class=\"elementor-post__title\">\n\t\t\t<a href=\"https:\/\/www.enovacom.com\/en\/realisation\/fini-les-solutions-isolees-polypoint-a-revolutionne-son-ecosysteme-sante-avec-linteroperabilite-denovacom\/\" >\n\t\t\t\tBreaking down silos: how POLYPOINT transformed their healthcare ecosystem through interoperability\t\t\t<\/a>\n\t\t<\/h3>\n\t\t\t\t<\/div>\n\t\t\t\t<\/article>\n\t\t\t\t<article class=\"elementor-post elementor-grid-item post-103263 realisation type-realisation status-publish has-post-thumbnail hentry\" role=\"listitem\">\n\t\t\t\t<a class=\"elementor-post__thumbnail__link\" href=\"https:\/\/www.enovacom.com\/en\/realisation\/swisstransplant-optimized-national-coordination-thanks-to-enovacom-telemedicine\/\" tabindex=\"-1\" >\n\t\t\t<div class=\"elementor-post__thumbnail\"><img decoding=\"async\" width=\"768\" height=\"512\" src=\"https:\/\/www.enovacom.com\/wp-content\/uploads\/2025\/12\/AdobeStock_403232612-1-1-768x512.jpeg\" class=\"attachment-medium_large size-medium_large wp-image-103266\" alt=\"Healthcare professional in telemedicine consultation\" \/><\/div>\n\t\t<\/a>\n\t\t\t\t<div class=\"elementor-post__text\">\n\t\t\t\t<h3 class=\"elementor-post__title\">\n\t\t\t<a href=\"https:\/\/www.enovacom.com\/en\/realisation\/swisstransplant-optimized-national-coordination-thanks-to-enovacom-telemedicine\/\" >\n\t\t\t\tSwisstransplant: optimized national coordination thanks to Enovacom telemedicine\t\t\t<\/a>\n\t\t<\/h3>\n\t\t\t\t<\/div>\n\t\t\t\t<\/article>\n\t\t\t\t<article class=\"elementor-post elementor-grid-item post-102738 realisation type-realisation status-publish has-post-thumbnail hentry\" role=\"listitem\">\n\t\t\t\t<a class=\"elementor-post__thumbnail__link\" href=\"https:\/\/www.enovacom.com\/en\/realisation\/interoperability-and-data-sharing-enovacom-transforms-psychiatric-care-in-the-united-kingdom\/\" tabindex=\"-1\" >\n\t\t\t<div class=\"elementor-post__thumbnail\"><img decoding=\"async\" width=\"768\" height=\"528\" src=\"https:\/\/www.enovacom.com\/wp-content\/uploads\/2025\/11\/AdobeStock_294484212-768x528.jpeg\" class=\"attachment-medium_large size-medium_large wp-image-102689\" alt=\"Deux professionnels de sant\u00e9 discutent en regardant l&#039;\u00e9cran d&#039;un ordinateur\" srcset=\"https:\/\/www.enovacom.com\/wp-content\/uploads\/2025\/11\/AdobeStock_294484212-768x528.jpeg 768w, https:\/\/www.enovacom.com\/wp-content\/uploads\/2025\/11\/AdobeStock_294484212-300x206.jpeg 300w, https:\/\/www.enovacom.com\/wp-content\/uploads\/2025\/11\/AdobeStock_294484212-1024x704.jpeg 1024w, https:\/\/www.enovacom.com\/wp-content\/uploads\/2025\/11\/AdobeStock_294484212-1536x1055.jpeg 1536w, https:\/\/www.enovacom.com\/wp-content\/uploads\/2025\/11\/AdobeStock_294484212-2048x1407.jpeg 2048w\" sizes=\"(max-width: 768px) 100vw, 768px\" \/><\/div>\n\t\t<\/a>\n\t\t\t\t<div class=\"elementor-post__text\">\n\t\t\t\t<h3 class=\"elementor-post__title\">\n\t\t\t<a href=\"https:\/\/www.enovacom.com\/en\/realisation\/interoperability-and-data-sharing-enovacom-transforms-psychiatric-care-in-the-united-kingdom\/\" >\n\t\t\t\tInteroperability and data sharing: Enovacom transforms psychiatric care in the United Kingdom\t\t\t<\/a>\n\t\t<\/h3>\n\t\t\t\t<\/div>\n\t\t\t\t<\/article>\n\t\t\t\t<article class=\"elementor-post elementor-grid-item post-102616 realisation type-realisation status-publish has-post-thumbnail hentry\" role=\"listitem\">\n\t\t\t\t<a class=\"elementor-post__thumbnail__link\" href=\"https:\/\/www.enovacom.com\/en\/realisation\/schutzen-rheinfelden-clinic-a-unique-model-for-coordinating-psychiatric-care-using-the-enovacom-integration-engine\/\" tabindex=\"-1\" >\n\t\t\t<div class=\"elementor-post__thumbnail\"><img loading=\"lazy\" decoding=\"async\" width=\"768\" height=\"514\" src=\"https:\/\/www.enovacom.com\/wp-content\/uploads\/2025\/11\/h_p002-10-93-original-768x514.jpeg\" class=\"attachment-medium_large size-medium_large wp-image-102622\" alt=\"The Sch\u00fctzen Clinic\" srcset=\"https:\/\/www.enovacom.com\/wp-content\/uploads\/2025\/11\/h_p002-10-93-original-768x514.jpeg 768w, https:\/\/www.enovacom.com\/wp-content\/uploads\/2025\/11\/h_p002-10-93-original-300x201.jpeg 300w, https:\/\/www.enovacom.com\/wp-content\/uploads\/2025\/11\/h_p002-10-93-original-1024x685.jpeg 1024w, https:\/\/www.enovacom.com\/wp-content\/uploads\/2025\/11\/h_p002-10-93-original.jpeg 1181w\" sizes=\"(max-width: 768px) 100vw, 768px\" \/><\/div>\n\t\t<\/a>\n\t\t\t\t<div class=\"elementor-post__text\">\n\t\t\t\t<h3 class=\"elementor-post__title\">\n\t\t\t<a href=\"https:\/\/www.enovacom.com\/en\/realisation\/schutzen-rheinfelden-clinic-a-unique-model-for-coordinating-psychiatric-care-using-the-enovacom-integration-engine\/\" >\n\t\t\t\tSch\u00fctzen Rheinfelden Clinic: A unique model for coordinating psychiatric care using the Enovacom Integration Engine\t\t\t<\/a>\n\t\t<\/h3>\n\t\t\t\t<\/div>\n\t\t\t\t<\/article>\n\t\t\t\t<article class=\"elementor-post elementor-grid-item post-102568 realisation type-realisation status-publish has-post-thumbnail hentry\" role=\"listitem\">\n\t\t\t\t<a class=\"elementor-post__thumbnail__link\" href=\"https:\/\/www.enovacom.com\/en\/realisation\/agence-de-la-biomedecine-the-enovacom-telehealth-solution-makes-organ-transplants-faster-and-more-secure\/\" tabindex=\"-1\" >\n\t\t\t<div class=\"elementor-post__thumbnail\"><img loading=\"lazy\" decoding=\"async\" width=\"768\" height=\"512\" src=\"https:\/\/www.enovacom.com\/wp-content\/uploads\/2025\/10\/AdobeStock_294704095-2-768x512.jpeg\" class=\"attachment-medium_large size-medium_large wp-image-102609\" alt=\"Surgeon adjusting his cap before surgery\" srcset=\"https:\/\/www.enovacom.com\/wp-content\/uploads\/2025\/10\/AdobeStock_294704095-2-768x512.jpeg 768w, https:\/\/www.enovacom.com\/wp-content\/uploads\/2025\/10\/AdobeStock_294704095-2-300x200.jpeg 300w, https:\/\/www.enovacom.com\/wp-content\/uploads\/2025\/10\/AdobeStock_294704095-2-1024x683.jpeg 1024w, https:\/\/www.enovacom.com\/wp-content\/uploads\/2025\/10\/AdobeStock_294704095-2-1536x1025.jpeg 1536w, https:\/\/www.enovacom.com\/wp-content\/uploads\/2025\/10\/AdobeStock_294704095-2.jpeg 1688w\" sizes=\"(max-width: 768px) 100vw, 768px\" \/><\/div>\n\t\t<\/a>\n\t\t\t\t<div class=\"elementor-post__text\">\n\t\t\t\t<h3 class=\"elementor-post__title\">\n\t\t\t<a href=\"https:\/\/www.enovacom.com\/en\/realisation\/agence-de-la-biomedecine-the-enovacom-telehealth-solution-makes-organ-transplants-faster-and-more-secure\/\" >\n\t\t\t\tAgence de la biom\u00e9decine: the Enovacom telehealth solution makes organ transplants faster and more secure\t\t\t<\/a>\n\t\t<\/h3>\n\t\t\t\t<\/div>\n\t\t\t\t<\/article>\n\t\t\t\t<article class=\"elementor-post elementor-grid-item post-101517 realisation type-realisation status-publish has-post-thumbnail hentry categorie-realisation-interoperabilite-biomediacale-en categorie-realisation-interoperability\" role=\"listitem\">\n\t\t\t\t<a class=\"elementor-post__thumbnail__link\" href=\"https:\/\/www.enovacom.com\/en\/realisation\/colorectal-cancer-screening-enovacom-helps-reduce-endoscopy-reporting-time-and-improve-colonoscopy-report-quality\/\" tabindex=\"-1\" >\n\t\t\t<div class=\"elementor-post__thumbnail\"><img loading=\"lazy\" decoding=\"async\" width=\"768\" height=\"512\" src=\"https:\/\/www.enovacom.com\/wp-content\/uploads\/2025\/05\/AdobeStock_1200272587-768x512.jpeg\" class=\"attachment-medium_large size-medium_large wp-image-101253\" alt=\"D\u00e9pistage Cancer Colorectal ruban\" srcset=\"https:\/\/www.enovacom.com\/wp-content\/uploads\/2025\/05\/AdobeStock_1200272587-768x512.jpeg 768w, https:\/\/www.enovacom.com\/wp-content\/uploads\/2025\/05\/AdobeStock_1200272587-300x200.jpeg 300w, https:\/\/www.enovacom.com\/wp-content\/uploads\/2025\/05\/AdobeStock_1200272587-1024x683.jpeg 1024w, https:\/\/www.enovacom.com\/wp-content\/uploads\/2025\/05\/AdobeStock_1200272587-1536x1024.jpeg 1536w, https:\/\/www.enovacom.com\/wp-content\/uploads\/2025\/05\/AdobeStock_1200272587-2048x1365.jpeg 2048w\" sizes=\"(max-width: 768px) 100vw, 768px\" \/><\/div>\n\t\t<\/a>\n\t\t\t\t<div class=\"elementor-post__text\">\n\t\t\t\t<h3 class=\"elementor-post__title\">\n\t\t\t<a href=\"https:\/\/www.enovacom.com\/en\/realisation\/colorectal-cancer-screening-enovacom-helps-reduce-endoscopy-reporting-time-and-improve-colonoscopy-report-quality\/\" >\n\t\t\t\tColorectal cancer screening: Enovacom helps reduce endoscopy reporting time and improve colonoscopy report quality\t\t\t<\/a>\n\t\t<\/h3>\n\t\t\t\t<\/div>\n\t\t\t\t<\/article>\n\t\t\t\t<article class=\"elementor-post elementor-grid-item post-96089 realisation type-realisation status-publish has-post-thumbnail hentry categorie-realisation-data-warehouse\" role=\"listitem\">\n\t\t\t\t<a class=\"elementor-post__thumbnail__link\" href=\"https:\/\/www.enovacom.com\/en\/realisation\/the-europe-hospitals-placing-enovacoms-fhir-data-warehouse-at-the-heart-of-a-patient-portal\/\" tabindex=\"-1\" >\n\t\t\t<div class=\"elementor-post__thumbnail\"><img loading=\"lazy\" decoding=\"async\" width=\"768\" height=\"523\" src=\"https:\/\/www.enovacom.com\/wp-content\/uploads\/2023\/11\/Clinique-Ste-Elisabeth-768x523.webp\" class=\"attachment-medium_large size-medium_large wp-image-89503\" alt=\"\" srcset=\"https:\/\/www.enovacom.com\/wp-content\/uploads\/2023\/11\/Clinique-Ste-Elisabeth-768x523.webp 768w, https:\/\/www.enovacom.com\/wp-content\/uploads\/2023\/11\/Clinique-Ste-Elisabeth-300x204.webp 300w, https:\/\/www.enovacom.com\/wp-content\/uploads\/2023\/11\/Clinique-Ste-Elisabeth-1024x697.webp 1024w, https:\/\/www.enovacom.com\/wp-content\/uploads\/2023\/11\/Clinique-Ste-Elisabeth-1536x1046.webp 1536w, https:\/\/www.enovacom.com\/wp-content\/uploads\/2023\/11\/Clinique-Ste-Elisabeth-2048x1395.webp 2048w\" sizes=\"(max-width: 768px) 100vw, 768px\" \/><\/div>\n\t\t<\/a>\n\t\t\t\t<div class=\"elementor-post__text\">\n\t\t\t\t<h3 class=\"elementor-post__title\">\n\t\t\t<a href=\"https:\/\/www.enovacom.com\/en\/realisation\/the-europe-hospitals-placing-enovacoms-fhir-data-warehouse-at-the-heart-of-a-patient-portal\/\" >\n\t\t\t\tThe Europe Hospitals: Placing Enovacom\u2019s FHIR data warehouse at the heart of a patient portal\t\t\t<\/a>\n\t\t<\/h3>\n\t\t\t\t<\/div>\n\t\t\t\t<\/article>\n\t\t\t\t<article class=\"elementor-post elementor-grid-item post-96126 realisation type-realisation status-publish has-post-thumbnail hentry categorie-realisation-interoperabilite-biomediacale-en\" role=\"listitem\">\n\t\t\t\t<a class=\"elementor-post__thumbnail__link\" href=\"https:\/\/www.enovacom.com\/en\/realisation\/hospital-nova-jyvaskyla-optimizing-patient-journeys-through-biomedical-interoperability\/\" tabindex=\"-1\" >\n\t\t\t<div class=\"elementor-post__thumbnail\"><img loading=\"lazy\" decoding=\"async\" width=\"768\" height=\"593\" src=\"https:\/\/www.enovacom.com\/wp-content\/uploads\/2023\/12\/2Y4A9160tehty-768x593.jpg\" class=\"attachment-medium_large size-medium_large wp-image-89632\" alt=\"\" srcset=\"https:\/\/www.enovacom.com\/wp-content\/uploads\/2023\/12\/2Y4A9160tehty-768x593.jpg 768w, https:\/\/www.enovacom.com\/wp-content\/uploads\/2023\/12\/2Y4A9160tehty-300x232.jpg 300w, https:\/\/www.enovacom.com\/wp-content\/uploads\/2023\/12\/2Y4A9160tehty-1024x791.jpg 1024w, https:\/\/www.enovacom.com\/wp-content\/uploads\/2023\/12\/2Y4A9160tehty-1536x1187.jpg 1536w, https:\/\/www.enovacom.com\/wp-content\/uploads\/2023\/12\/2Y4A9160tehty-2048x1583.jpg 2048w\" sizes=\"(max-width: 768px) 100vw, 768px\" \/><\/div>\n\t\t<\/a>\n\t\t\t\t<div class=\"elementor-post__text\">\n\t\t\t\t<h3 class=\"elementor-post__title\">\n\t\t\t<a href=\"https:\/\/www.enovacom.com\/en\/realisation\/hospital-nova-jyvaskyla-optimizing-patient-journeys-through-biomedical-interoperability\/\" >\n\t\t\t\tHospital Nova in Jyv\u00e4skyl\u00e4, Finland: Optimizing patient journeys through biomedical interoperability\t\t\t<\/a>\n\t\t<\/h3>\n\t\t\t\t<\/div>\n\t\t\t\t<\/article>\n\t\t\t\t<article class=\"elementor-post elementor-grid-item post-96099 realisation type-realisation status-publish has-post-thumbnail hentry categorie-realisation-interoperability\" role=\"listitem\">\n\t\t\t\t<a class=\"elementor-post__thumbnail__link\" href=\"https:\/\/www.enovacom.com\/en\/realisation\/unilabs-enovacoms-interoperability-platform-processes-millions-of-results-for-swiss-lab\/\" tabindex=\"-1\" >\n\t\t\t<div class=\"elementor-post__thumbnail\"><img loading=\"lazy\" decoding=\"async\" width=\"768\" height=\"513\" src=\"https:\/\/www.enovacom.com\/wp-content\/uploads\/2023\/12\/AdobeStock_603233704-1-768x513.webp\" class=\"attachment-medium_large size-medium_large wp-image-89671\" alt=\"\" srcset=\"https:\/\/www.enovacom.com\/wp-content\/uploads\/2023\/12\/AdobeStock_603233704-1-768x513.webp 768w, https:\/\/www.enovacom.com\/wp-content\/uploads\/2023\/12\/AdobeStock_603233704-1-300x200.webp 300w, https:\/\/www.enovacom.com\/wp-content\/uploads\/2023\/12\/AdobeStock_603233704-1-1024x683.webp 1024w, https:\/\/www.enovacom.com\/wp-content\/uploads\/2023\/12\/AdobeStock_603233704-1-1536x1025.webp 1536w, https:\/\/www.enovacom.com\/wp-content\/uploads\/2023\/12\/AdobeStock_603233704-1-2048x1367.webp 2048w\" sizes=\"(max-width: 768px) 100vw, 768px\" \/><\/div>\n\t\t<\/a>\n\t\t\t\t<div class=\"elementor-post__text\">\n\t\t\t\t<h3 class=\"elementor-post__title\">\n\t\t\t<a href=\"https:\/\/www.enovacom.com\/en\/realisation\/unilabs-enovacoms-interoperability-platform-processes-millions-of-results-for-swiss-lab\/\" >\n\t\t\t\tUnilabs: Enovacom\u2019s interoperability platform processes millions of results for Swiss lab\t\t\t<\/a>\n\t\t<\/h3>\n\t\t\t\t<\/div>\n\t\t\t\t<\/article>\n\t\t\t\t<\/div>\n\t\t\n\t\t\t\t<div class=\"e-load-more-anchor\" data-page=\"1\" data-max-page=\"2\" data-next-page=\"https:\/\/www.enovacom.com\/en\/wp-json\/wp\/v2\/pages\/96082\/page\/2\/\"><\/div>\n\t\t\t\t<nav class=\"elementor-pagination\" aria-label=\"Pagination\">\n\t\t\t<span aria-current=\"page\" class=\"page-numbers current\"><span class=\"elementor-screen-only\">Page<\/span>1<\/span>\n<a class=\"page-numbers\" href=\"https:\/\/www.enovacom.com\/en\/wp-json\/wp\/v2\/pages\/96082\/page\/2\/\"><span class=\"elementor-screen-only\">Page<\/span>2<\/a>\t\t<\/nav>\n\t\t\t\t\t\t<\/div>\n\t\t\t\t<\/div>\n\t\t\t\t\t<\/div>\n\t\t\t\t<\/div>\n\t\t\t\t<\/div>\n\t\t","protected":false},"excerpt":{"rendered":"<p>For more than two decades, we have guided healthcare institutions on their digital transformation journey. Discover how Enovacom solutions-interoperability, health data warehouse, biomedical interoperability, and<\/p>\n","protected":false},"author":1001133,"featured_media":0,"parent":0,"menu_order":0,"comment_status":"closed","ping_status":"closed","template":"","meta":{"_acf_changed":false,"footnotes":""},"class_list":["post-96082","page","type-page","status-publish","hentry"],"acf":[],"yoast_head":"<!-- This site is optimized with the Yoast SEO plugin v27.3 - https:\/\/yoast.com\/product\/yoast-seo-wordpress\/ -->\n<title>Our achievements<\/title>\n<meta name=\"robots\" content=\"index, follow, max-snippet:-1, max-image-preview:large, max-video-preview:-1\" \/>\n<link rel=\"canonical\" href=\"https:\/\/www.enovacom.com\/en\/our-achievements\/\" \/>\n<meta property=\"og:locale\" content=\"en_US\" \/>\n<meta property=\"og:type\" content=\"article\" \/>\n<meta property=\"og:title\" content=\"Our achievements\" \/>\n<meta property=\"og:description\" content=\"For more than two decades, we have guided healthcare institutions on their digital transformation journey. Discover how Enovacom solutions-interoperability, health data warehouse, biomedical interoperability, and\" \/>\n<meta property=\"og:url\" content=\"https:\/\/www.enovacom.com\/en\/our-achievements\/\" \/>\n<meta property=\"og:site_name\" content=\"Enovacom\" \/>\n<meta property=\"article:publisher\" content=\"https:\/\/www.facebook.com\/enovacom\" \/>\n<meta property=\"article:modified_time\" content=\"2024-05-15T15:36:25+00:00\" \/>\n<meta property=\"og:image\" content=\"https:\/\/www.enovacom.com\/wp-content\/uploads\/2023\/10\/Group-13.png\" \/>\n\t<meta property=\"og:image:width\" content=\"1440\" \/>\n\t<meta property=\"og:image:height\" content=\"860\" \/>\n\t<meta property=\"og:image:type\" content=\"image\/png\" \/>\n<meta name=\"twitter:card\" content=\"summary_large_image\" \/>\n<meta name=\"twitter:site\" content=\"@enovacom_fr\" \/>\n<meta name=\"twitter:label1\" content=\"Est. reading time\" \/>\n\t<meta name=\"twitter:data1\" content=\"2 minutes\" \/>\n<script type=\"application\/ld+json\" class=\"yoast-schema-graph\">{\"@context\":\"https:\\\/\\\/schema.org\",\"@graph\":[{\"@type\":\"WebPage\",\"@id\":\"https:\\\/\\\/www.enovacom.com\\\/en\\\/our-achievements\\\/\",\"url\":\"https:\\\/\\\/www.enovacom.com\\\/en\\\/our-achievements\\\/\",\"name\":\"Our achievements\",\"isPartOf\":{\"@id\":\"https:\\\/\\\/www.enovacom.com\\\/en\\\/#website\"},\"datePublished\":\"2024-01-24T10:26:24+00:00\",\"dateModified\":\"2024-05-15T15:36:25+00:00\",\"breadcrumb\":{\"@id\":\"https:\\\/\\\/www.enovacom.com\\\/en\\\/our-achievements\\\/#breadcrumb\"},\"inLanguage\":\"en-US\",\"potentialAction\":[{\"@type\":\"ReadAction\",\"target\":[\"https:\\\/\\\/www.enovacom.com\\\/en\\\/our-achievements\\\/\"]}]},{\"@type\":\"BreadcrumbList\",\"@id\":\"https:\\\/\\\/www.enovacom.com\\\/en\\\/our-achievements\\\/#breadcrumb\",\"itemListElement\":[{\"@type\":\"ListItem\",\"position\":1,\"name\":\"Enovacom\",\"item\":\"https:\\\/\\\/www.enovacom.com\\\/en\\\/\"},{\"@type\":\"ListItem\",\"position\":2,\"name\":\"Our achievements\"}]},{\"@type\":\"WebSite\",\"@id\":\"https:\\\/\\\/www.enovacom.com\\\/en\\\/#website\",\"url\":\"https:\\\/\\\/www.enovacom.com\\\/en\\\/\",\"name\":\"Enovacom\",\"description\":\"Facilitons l\u2019\u00e9change et le partage des donn\u00e9es de sant\u00e9, en toute confiance\",\"publisher\":{\"@id\":\"https:\\\/\\\/www.enovacom.com\\\/en\\\/#organization\"},\"potentialAction\":[{\"@type\":\"SearchAction\",\"target\":{\"@type\":\"EntryPoint\",\"urlTemplate\":\"https:\\\/\\\/www.enovacom.com\\\/en\\\/?s={search_term_string}\"},\"query-input\":{\"@type\":\"PropertyValueSpecification\",\"valueRequired\":true,\"valueName\":\"search_term_string\"}}],\"inLanguage\":\"en-US\"},{\"@type\":\"Organization\",\"@id\":\"https:\\\/\\\/www.enovacom.com\\\/en\\\/#organization\",\"name\":\"Enovacom\",\"url\":\"https:\\\/\\\/www.enovacom.com\\\/en\\\/\",\"logo\":{\"@type\":\"ImageObject\",\"inLanguage\":\"en-US\",\"@id\":\"https:\\\/\\\/www.enovacom.com\\\/en\\\/#\\\/schema\\\/logo\\\/image\\\/\",\"url\":\"https:\\\/\\\/www.enovacom.com\\\/wp-content\\\/uploads\\\/2023\\\/10\\\/logo-texte.svg\",\"contentUrl\":\"https:\\\/\\\/www.enovacom.com\\\/wp-content\\\/uploads\\\/2023\\\/10\\\/logo-texte.svg\",\"width\":209,\"height\":41,\"caption\":\"Enovacom\"},\"image\":{\"@id\":\"https:\\\/\\\/www.enovacom.com\\\/en\\\/#\\\/schema\\\/logo\\\/image\\\/\"},\"sameAs\":[\"https:\\\/\\\/www.facebook.com\\\/enovacom\",\"https:\\\/\\\/x.com\\\/enovacom_fr\",\"https:\\\/\\\/www.linkedin.com\\\/company\\\/enovacom\\\/\"]}]}<\/script>\n<!-- \/ Yoast SEO plugin. -->","yoast_head_json":{"title":"Our achievements","robots":{"index":"index","follow":"follow","max-snippet":"max-snippet:-1","max-image-preview":"max-image-preview:large","max-video-preview":"max-video-preview:-1"},"canonical":"https:\/\/www.enovacom.com\/en\/our-achievements\/","og_locale":"en_US","og_type":"article","og_title":"Our achievements","og_description":"For more than two decades, we have guided healthcare institutions on their digital transformation journey. Discover how Enovacom solutions-interoperability, health data warehouse, biomedical interoperability, and","og_url":"https:\/\/www.enovacom.com\/en\/our-achievements\/","og_site_name":"Enovacom","article_publisher":"https:\/\/www.facebook.com\/enovacom","article_modified_time":"2024-05-15T15:36:25+00:00","og_image":[{"width":1440,"height":860,"url":"https:\/\/www.enovacom.com\/wp-content\/uploads\/2023\/10\/Group-13.png","type":"image\/png"}],"twitter_card":"summary_large_image","twitter_site":"@enovacom_fr","twitter_misc":{"Est. reading time":"2 minutes"},"schema":{"@context":"https:\/\/schema.org","@graph":[{"@type":"WebPage","@id":"https:\/\/www.enovacom.com\/en\/our-achievements\/","url":"https:\/\/www.enovacom.com\/en\/our-achievements\/","name":"Our achievements","isPartOf":{"@id":"https:\/\/www.enovacom.com\/en\/#website"},"datePublished":"2024-01-24T10:26:24+00:00","dateModified":"2024-05-15T15:36:25+00:00","breadcrumb":{"@id":"https:\/\/www.enovacom.com\/en\/our-achievements\/#breadcrumb"},"inLanguage":"en-US","potentialAction":[{"@type":"ReadAction","target":["https:\/\/www.enovacom.com\/en\/our-achievements\/"]}]},{"@type":"BreadcrumbList","@id":"https:\/\/www.enovacom.com\/en\/our-achievements\/#breadcrumb","itemListElement":[{"@type":"ListItem","position":1,"name":"Enovacom","item":"https:\/\/www.enovacom.com\/en\/"},{"@type":"ListItem","position":2,"name":"Our achievements"}]},{"@type":"WebSite","@id":"https:\/\/www.enovacom.com\/en\/#website","url":"https:\/\/www.enovacom.com\/en\/","name":"Enovacom","description":"Facilitons l\u2019\u00e9change et le partage des donn\u00e9es de sant\u00e9, en toute confiance","publisher":{"@id":"https:\/\/www.enovacom.com\/en\/#organization"},"potentialAction":[{"@type":"SearchAction","target":{"@type":"EntryPoint","urlTemplate":"https:\/\/www.enovacom.com\/en\/?s={search_term_string}"},"query-input":{"@type":"PropertyValueSpecification","valueRequired":true,"valueName":"search_term_string"}}],"inLanguage":"en-US"},{"@type":"Organization","@id":"https:\/\/www.enovacom.com\/en\/#organization","name":"Enovacom","url":"https:\/\/www.enovacom.com\/en\/","logo":{"@type":"ImageObject","inLanguage":"en-US","@id":"https:\/\/www.enovacom.com\/en\/#\/schema\/logo\/image\/","url":"https:\/\/www.enovacom.com\/wp-content\/uploads\/2023\/10\/logo-texte.svg","contentUrl":"https:\/\/www.enovacom.com\/wp-content\/uploads\/2023\/10\/logo-texte.svg","width":209,"height":41,"caption":"Enovacom"},"image":{"@id":"https:\/\/www.enovacom.com\/en\/#\/schema\/logo\/image\/"},"sameAs":["https:\/\/www.facebook.com\/enovacom","https:\/\/x.com\/enovacom_fr","https:\/\/www.linkedin.com\/company\/enovacom\/"]}]}},"_links":{"self":[{"href":"https:\/\/www.enovacom.com\/en\/wp-json\/wp\/v2\/pages\/96082","targetHints":{"allow":["GET"]}}],"collection":[{"href":"https:\/\/www.enovacom.com\/en\/wp-json\/wp\/v2\/pages"}],"about":[{"href":"https:\/\/www.enovacom.com\/en\/wp-json\/wp\/v2\/types\/page"}],"author":[{"embeddable":true,"href":"https:\/\/www.enovacom.com\/en\/wp-json\/wp\/v2\/users\/1001133"}],"replies":[{"embeddable":true,"href":"https:\/\/www.enovacom.com\/en\/wp-json\/wp\/v2\/comments?post=96082"}],"version-history":[{"count":15,"href":"https:\/\/www.enovacom.com\/en\/wp-json\/wp\/v2\/pages\/96082\/revisions"}],"predecessor-version":[{"id":96313,"href":"https:\/\/www.enovacom.com\/en\/wp-json\/wp\/v2\/pages\/96082\/revisions\/96313"}],"wp:attachment":[{"href":"https:\/\/www.enovacom.com\/en\/wp-json\/wp\/v2\/media?parent=96082"}],"curies":[{"name":"wp","href":"https:\/\/api.w.org\/{rel}","templated":true}]}}