{"id":96782,"date":"2023-10-06T16:05:08","date_gmt":"2023-10-06T14:05:08","guid":{"rendered":"https:\/\/www.enovacom.com\/expertise\/"},"modified":"2024-06-11T15:30:50","modified_gmt":"2024-06-11T13:30:50","slug":"expertise","status":"publish","type":"page","link":"https:\/\/www.enovacom.com\/en\/expertise\/","title":{"rendered":"Our expertise"},"content":{"rendered":"\t\t<div data-elementor-type=\"wp-page\" data-elementor-id=\"96782\" class=\"elementor elementor-96782 elementor-72116\" data-elementor-post-type=\"page\">\n\t\t\t\t<div class=\"elementor-element elementor-element-ec1ac5a e-flex e-con-boxed e-con e-parent\" data-id=\"ec1ac5a\" data-element_type=\"container\" data-e-type=\"container\">\n\t\t\t\t\t<div class=\"e-con-inner\">\n\t\t\t\t<div class=\"elementor-element elementor-element-b1af003 elementor-widget elementor-widget-raven-advanced-posts\" data-id=\"b1af003\" data-element_type=\"widget\" data-e-type=\"widget\" data-settings=\"{&quot;query_posts_per_page&quot;:&quot;9&quot;,&quot;general_layout&quot;:&quot;grid&quot;,&quot;columns&quot;:&quot;3&quot;,&quot;columns_tablet&quot;:&quot;2&quot;,&quot;columns_mobile&quot;:&quot;1&quot;,&quot;pagination_type&quot;:&quot;page_based&quot;,&quot;query_orderby&quot;:&quot;date&quot;,&quot;query_offset&quot;:0}\" data-widget_type=\"raven-advanced-posts.default\">\n\t\t\t\t<div class=\"elementor-widget-container\">\n\t\t\t\t\t\t\t<div class=\"raven-posts raven-posts-grid\">\n\t\t\t\t\t\t<div class=\"advanced-posts-content content-layout-under-image raven-grid raven-grid-3 raven-grid-mobile-1 raven-grid-tablet-2  \" data-post-id=\"96782\" data-archive-query=\"\">\n\t\t\t\t<div class=\"raven-posts-item raven-grid-item  \"><div class=\"raven-post-wrapper \"><div class=\"raven-post  \"><div class=\"raven-post-image-wrap\"><a class=\"raven-post-image raven-image-fit\" href=\"https:\/\/www.enovacom.com\/en\/expertise\/telehealth-enovacom-expertise\/\"> <img fetchpriority=\"high\" decoding=\"async\" width=\"1024\" height=\"645\" src=\"https:\/\/www.enovacom.com\/wp-content\/uploads\/2024\/01\/Telesante-1-1024x645.jpg\" class=\"attachment-large size-large wp-image-97690\" alt=\"Expertise T\u00e9l\u00e9sant\u00e9T\u00e9l\u00e9m\u00e9decine Nomadeec T\u00e9l\u00e9expertise T\u00e9l\u00e9consultation\" srcset=\"https:\/\/www.enovacom.com\/wp-content\/uploads\/2024\/01\/Telesante-1-1024x645.jpg 1024w, https:\/\/www.enovacom.com\/wp-content\/uploads\/2024\/01\/Telesante-1-300x189.jpg 300w, https:\/\/www.enovacom.com\/wp-content\/uploads\/2024\/01\/Telesante-1-768x484.jpg 768w, https:\/\/www.enovacom.com\/wp-content\/uploads\/2024\/01\/Telesante-1-1536x968.jpg 1536w, https:\/\/www.enovacom.com\/wp-content\/uploads\/2024\/01\/Telesante-1.jpg 1633w\" sizes=\"(max-width: 1024px) 100vw, 1024px\" \/><span class=\"raven-post-image-overlay\"><\/span><\/a><\/div><div class=\"raven-post-content\" data-id=\"100910\"><span class=\"raven-post-title\"><a class=\"raven-post-title-link\" href=\"https:\/\/www.enovacom.com\/en\/expertise\/telehealth-enovacom-expertise\/\">Telehealth: Enovacom\u2019s expertise<\/a><\/span><\/div><\/div><\/div><\/div><div class=\"raven-posts-item raven-grid-item  \"><div class=\"raven-post-wrapper \"><div class=\"raven-post  \"><div class=\"raven-post-image-wrap\"><a class=\"raven-post-image raven-image-fit\" href=\"https:\/\/www.enovacom.com\/en\/expertise\/biomedical-interoperability-enovacom-expertise\/\"> <img decoding=\"async\" width=\"1024\" height=\"645\" src=\"https:\/\/www.enovacom.com\/wp-content\/uploads\/2024\/01\/Biomedical-2-1024x645.jpg\" class=\"attachment-large size-large wp-image-97684\" alt=\"Interop\u00e9rabilit\u00e9 biom\u00e9dicale Expertise enovacom dispositifs m\u00e9dicaux gain de temps identitovigilance\" srcset=\"https:\/\/www.enovacom.com\/wp-content\/uploads\/2024\/01\/Biomedical-2-1024x645.jpg 1024w, https:\/\/www.enovacom.com\/wp-content\/uploads\/2024\/01\/Biomedical-2-300x189.jpg 300w, https:\/\/www.enovacom.com\/wp-content\/uploads\/2024\/01\/Biomedical-2-768x484.jpg 768w, https:\/\/www.enovacom.com\/wp-content\/uploads\/2024\/01\/Biomedical-2-1536x968.jpg 1536w, https:\/\/www.enovacom.com\/wp-content\/uploads\/2024\/01\/Biomedical-2.jpg 1633w\" sizes=\"(max-width: 1024px) 100vw, 1024px\" \/><span class=\"raven-post-image-overlay\"><\/span><\/a><\/div><div class=\"raven-post-content\" data-id=\"96776\"><span class=\"raven-post-title\"><a class=\"raven-post-title-link\" href=\"https:\/\/www.enovacom.com\/en\/expertise\/biomedical-interoperability-enovacom-expertise\/\">Biomedical interoperability: Enovacom&#8217;s expertise<\/a><\/span><\/div><\/div><\/div><\/div><div class=\"raven-posts-item raven-grid-item  \"><div class=\"raven-post-wrapper \"><div class=\"raven-post  \"><div class=\"raven-post-image-wrap\"><a class=\"raven-post-image raven-image-fit\" href=\"https:\/\/www.enovacom.com\/en\/expertise\/health-data-warehouses-enovacoms-expertise\/\"> <img decoding=\"async\" width=\"1024\" height=\"645\" src=\"https:\/\/www.enovacom.com\/wp-content\/uploads\/2024\/01\/EDS-1024x645.jpg\" class=\"attachment-large size-large wp-image-97646\" alt=\"Expertise Enovacom Entrep\u00f4t de donn\u00e9es de sant\u00e9 Enovacom Data Repository\" srcset=\"https:\/\/www.enovacom.com\/wp-content\/uploads\/2024\/01\/EDS-1024x645.jpg 1024w, https:\/\/www.enovacom.com\/wp-content\/uploads\/2024\/01\/EDS-300x189.jpg 300w, https:\/\/www.enovacom.com\/wp-content\/uploads\/2024\/01\/EDS-768x484.jpg 768w, https:\/\/www.enovacom.com\/wp-content\/uploads\/2024\/01\/EDS-1536x968.jpg 1536w, https:\/\/www.enovacom.com\/wp-content\/uploads\/2024\/01\/EDS.jpg 1633w\" sizes=\"(max-width: 1024px) 100vw, 1024px\" \/><span class=\"raven-post-image-overlay\"><\/span><\/a><\/div><div class=\"raven-post-content\" data-id=\"96813\"><span class=\"raven-post-title\"><a class=\"raven-post-title-link\" href=\"https:\/\/www.enovacom.com\/en\/expertise\/health-data-warehouses-enovacoms-expertise\/\">Health data warehouses: Enovacom\u2019s expertise<\/a><\/span><\/div><\/div><\/div><\/div><div class=\"raven-posts-item raven-grid-item  \"><div class=\"raven-post-wrapper \"><div class=\"raven-post  \"><div class=\"raven-post-image-wrap\"><a class=\"raven-post-image raven-image-fit\" href=\"https:\/\/www.enovacom.com\/en\/expertise\/interoperability-enovacom-expertise\/\"> <img loading=\"lazy\" decoding=\"async\" width=\"1024\" height=\"645\" src=\"https:\/\/www.enovacom.com\/wp-content\/uploads\/2023\/11\/Interoperabilite-1024x645.jpg\" class=\"attachment-large size-large wp-image-97635\" alt=\"Interop\u00e9rabilit\u00e9 expertise Enovacom EAI Enovacom Integration Engine PFI\" srcset=\"https:\/\/www.enovacom.com\/wp-content\/uploads\/2023\/11\/Interoperabilite-1024x645.jpg 1024w, https:\/\/www.enovacom.com\/wp-content\/uploads\/2023\/11\/Interoperabilite-300x189.jpg 300w, https:\/\/www.enovacom.com\/wp-content\/uploads\/2023\/11\/Interoperabilite-768x484.jpg 768w, https:\/\/www.enovacom.com\/wp-content\/uploads\/2023\/11\/Interoperabilite-1536x968.jpg 1536w, https:\/\/www.enovacom.com\/wp-content\/uploads\/2023\/11\/Interoperabilite.jpg 1633w\" sizes=\"(max-width: 1024px) 100vw, 1024px\" \/><span class=\"raven-post-image-overlay\"><\/span><\/a><\/div><div class=\"raven-post-content\" data-id=\"96762\"><span class=\"raven-post-title\"><a class=\"raven-post-title-link\" href=\"https:\/\/www.enovacom.com\/en\/expertise\/interoperability-enovacom-expertise\/\">Interoperability: Enovacom\u2019s expertise<\/a><\/span><\/div><\/div><\/div><\/div>\t\t\t<\/div>\n\t\t\t\t\t<\/div>\n\t\t\t\t\t\t<\/div>\n\t\t\t\t<\/div>\n\t\t\t\t\t<\/div>\n\t\t\t\t<\/div>\n\t\t\t\t<\/div>\n\t\t","protected":false},"excerpt":{"rendered":"<p>La t\u00e9l\u00e9sant\u00e9 : l\u2019expertise Enovacom Interop\u00e9rabilit\u00e9 biom\u00e9dicale : l\u2019expertise Enovacom Imagerie m\u00e9dicale : l\u2019expertise Enovacom Entrep\u00f4t de donn\u00e9es de sant\u00e9 : l\u2019expertise d\u2019Enovacom Interop\u00e9rabilit\u00e9\u00a0: l\u2019expertise Enovacom<\/p>\n","protected":false},"author":1001129,"featured_media":89305,"parent":0,"menu_order":0,"comment_status":"closed","ping_status":"closed","template":"elementor_theme","meta":{"_acf_changed":false,"footnotes":""},"class_list":["post-96782","page","type-page","status-publish","has-post-thumbnail","hentry"],"acf":[],"yoast_head":"<!-- This site is optimized with the Yoast SEO plugin v27.3 - https:\/\/yoast.com\/product\/yoast-seo-wordpress\/ -->\n<title>Our expertise<\/title>\n<meta name=\"robots\" content=\"index, follow, max-snippet:-1, max-image-preview:large, max-video-preview:-1\" \/>\n<link rel=\"canonical\" href=\"https:\/\/www.enovacom.com\/en\/expertise\/\" \/>\n<meta property=\"og:locale\" content=\"en_US\" \/>\n<meta property=\"og:type\" content=\"article\" \/>\n<meta property=\"og:title\" content=\"Our expertise\" \/>\n<meta property=\"og:description\" content=\"La t\u00e9l\u00e9sant\u00e9 : l\u2019expertise Enovacom Interop\u00e9rabilit\u00e9 biom\u00e9dicale : l\u2019expertise Enovacom Imagerie m\u00e9dicale : l\u2019expertise Enovacom Entrep\u00f4t de donn\u00e9es de sant\u00e9 : l\u2019expertise d\u2019Enovacom Interop\u00e9rabilit\u00e9\u00a0: l\u2019expertise Enovacom\" \/>\n<meta property=\"og:url\" content=\"https:\/\/www.enovacom.com\/en\/expertise\/\" \/>\n<meta property=\"og:site_name\" content=\"Enovacom\" \/>\n<meta property=\"article:publisher\" content=\"https:\/\/www.facebook.com\/enovacom\" \/>\n<meta property=\"article:modified_time\" content=\"2024-06-11T13:30:50+00:00\" \/>\n<meta property=\"og:image\" content=\"https:\/\/www.enovacom.com\/wp-content\/uploads\/2023\/10\/photo3.png\" \/>\n\t<meta property=\"og:image:width\" content=\"1440\" \/>\n\t<meta property=\"og:image:height\" content=\"560\" \/>\n\t<meta property=\"og:image:type\" content=\"image\/png\" \/>\n<meta name=\"twitter:card\" content=\"summary_large_image\" \/>\n<meta name=\"twitter:site\" content=\"@enovacom_fr\" \/>\n<meta name=\"twitter:label1\" content=\"Est. reading time\" \/>\n\t<meta name=\"twitter:data1\" content=\"2 minutes\" \/>\n<script type=\"application\/ld+json\" class=\"yoast-schema-graph\">{\"@context\":\"https:\\\/\\\/schema.org\",\"@graph\":[{\"@type\":\"WebPage\",\"@id\":\"https:\\\/\\\/www.enovacom.com\\\/en\\\/expertise\\\/\",\"url\":\"https:\\\/\\\/www.enovacom.com\\\/en\\\/expertise\\\/\",\"name\":\"Our expertise\",\"isPartOf\":{\"@id\":\"https:\\\/\\\/www.enovacom.com\\\/en\\\/#website\"},\"primaryImageOfPage\":{\"@id\":\"https:\\\/\\\/www.enovacom.com\\\/en\\\/expertise\\\/#primaryimage\"},\"image\":{\"@id\":\"https:\\\/\\\/www.enovacom.com\\\/en\\\/expertise\\\/#primaryimage\"},\"thumbnailUrl\":\"https:\\\/\\\/www.enovacom.com\\\/wp-content\\\/uploads\\\/2023\\\/10\\\/photo3.png\",\"datePublished\":\"2023-10-06T14:05:08+00:00\",\"dateModified\":\"2024-06-11T13:30:50+00:00\",\"breadcrumb\":{\"@id\":\"https:\\\/\\\/www.enovacom.com\\\/en\\\/expertise\\\/#breadcrumb\"},\"inLanguage\":\"en-US\",\"potentialAction\":[{\"@type\":\"ReadAction\",\"target\":[\"https:\\\/\\\/www.enovacom.com\\\/en\\\/expertise\\\/\"]}]},{\"@type\":\"ImageObject\",\"inLanguage\":\"en-US\",\"@id\":\"https:\\\/\\\/www.enovacom.com\\\/en\\\/expertise\\\/#primaryimage\",\"url\":\"https:\\\/\\\/www.enovacom.com\\\/wp-content\\\/uploads\\\/2023\\\/10\\\/photo3.png\",\"contentUrl\":\"https:\\\/\\\/www.enovacom.com\\\/wp-content\\\/uploads\\\/2023\\\/10\\\/photo3.png\",\"width\":1440,\"height\":560},{\"@type\":\"BreadcrumbList\",\"@id\":\"https:\\\/\\\/www.enovacom.com\\\/en\\\/expertise\\\/#breadcrumb\",\"itemListElement\":[{\"@type\":\"ListItem\",\"position\":1,\"name\":\"Enovacom\",\"item\":\"https:\\\/\\\/www.enovacom.com\\\/en\\\/\"},{\"@type\":\"ListItem\",\"position\":2,\"name\":\"Our expertise\"}]},{\"@type\":\"WebSite\",\"@id\":\"https:\\\/\\\/www.enovacom.com\\\/en\\\/#website\",\"url\":\"https:\\\/\\\/www.enovacom.com\\\/en\\\/\",\"name\":\"Enovacom\",\"description\":\"Facilitons l\u2019\u00e9change et le partage des donn\u00e9es de sant\u00e9, en toute confiance\",\"publisher\":{\"@id\":\"https:\\\/\\\/www.enovacom.com\\\/en\\\/#organization\"},\"potentialAction\":[{\"@type\":\"SearchAction\",\"target\":{\"@type\":\"EntryPoint\",\"urlTemplate\":\"https:\\\/\\\/www.enovacom.com\\\/en\\\/?s={search_term_string}\"},\"query-input\":{\"@type\":\"PropertyValueSpecification\",\"valueRequired\":true,\"valueName\":\"search_term_string\"}}],\"inLanguage\":\"en-US\"},{\"@type\":\"Organization\",\"@id\":\"https:\\\/\\\/www.enovacom.com\\\/en\\\/#organization\",\"name\":\"Enovacom\",\"url\":\"https:\\\/\\\/www.enovacom.com\\\/en\\\/\",\"logo\":{\"@type\":\"ImageObject\",\"inLanguage\":\"en-US\",\"@id\":\"https:\\\/\\\/www.enovacom.com\\\/en\\\/#\\\/schema\\\/logo\\\/image\\\/\",\"url\":\"https:\\\/\\\/www.enovacom.com\\\/wp-content\\\/uploads\\\/2023\\\/10\\\/logo-texte.svg\",\"contentUrl\":\"https:\\\/\\\/www.enovacom.com\\\/wp-content\\\/uploads\\\/2023\\\/10\\\/logo-texte.svg\",\"width\":209,\"height\":41,\"caption\":\"Enovacom\"},\"image\":{\"@id\":\"https:\\\/\\\/www.enovacom.com\\\/en\\\/#\\\/schema\\\/logo\\\/image\\\/\"},\"sameAs\":[\"https:\\\/\\\/www.facebook.com\\\/enovacom\",\"https:\\\/\\\/x.com\\\/enovacom_fr\",\"https:\\\/\\\/www.linkedin.com\\\/company\\\/enovacom\\\/\"]}]}<\/script>\n<!-- \/ Yoast SEO plugin. -->","yoast_head_json":{"title":"Our expertise","robots":{"index":"index","follow":"follow","max-snippet":"max-snippet:-1","max-image-preview":"max-image-preview:large","max-video-preview":"max-video-preview:-1"},"canonical":"https:\/\/www.enovacom.com\/en\/expertise\/","og_locale":"en_US","og_type":"article","og_title":"Our expertise","og_description":"La t\u00e9l\u00e9sant\u00e9 : l\u2019expertise Enovacom Interop\u00e9rabilit\u00e9 biom\u00e9dicale : l\u2019expertise Enovacom Imagerie m\u00e9dicale : l\u2019expertise Enovacom Entrep\u00f4t de donn\u00e9es de sant\u00e9 : l\u2019expertise d\u2019Enovacom Interop\u00e9rabilit\u00e9\u00a0: l\u2019expertise Enovacom","og_url":"https:\/\/www.enovacom.com\/en\/expertise\/","og_site_name":"Enovacom","article_publisher":"https:\/\/www.facebook.com\/enovacom","article_modified_time":"2024-06-11T13:30:50+00:00","og_image":[{"width":1440,"height":560,"url":"https:\/\/www.enovacom.com\/wp-content\/uploads\/2023\/10\/photo3.png","type":"image\/png"}],"twitter_card":"summary_large_image","twitter_site":"@enovacom_fr","twitter_misc":{"Est. reading time":"2 minutes"},"schema":{"@context":"https:\/\/schema.org","@graph":[{"@type":"WebPage","@id":"https:\/\/www.enovacom.com\/en\/expertise\/","url":"https:\/\/www.enovacom.com\/en\/expertise\/","name":"Our expertise","isPartOf":{"@id":"https:\/\/www.enovacom.com\/en\/#website"},"primaryImageOfPage":{"@id":"https:\/\/www.enovacom.com\/en\/expertise\/#primaryimage"},"image":{"@id":"https:\/\/www.enovacom.com\/en\/expertise\/#primaryimage"},"thumbnailUrl":"https:\/\/www.enovacom.com\/wp-content\/uploads\/2023\/10\/photo3.png","datePublished":"2023-10-06T14:05:08+00:00","dateModified":"2024-06-11T13:30:50+00:00","breadcrumb":{"@id":"https:\/\/www.enovacom.com\/en\/expertise\/#breadcrumb"},"inLanguage":"en-US","potentialAction":[{"@type":"ReadAction","target":["https:\/\/www.enovacom.com\/en\/expertise\/"]}]},{"@type":"ImageObject","inLanguage":"en-US","@id":"https:\/\/www.enovacom.com\/en\/expertise\/#primaryimage","url":"https:\/\/www.enovacom.com\/wp-content\/uploads\/2023\/10\/photo3.png","contentUrl":"https:\/\/www.enovacom.com\/wp-content\/uploads\/2023\/10\/photo3.png","width":1440,"height":560},{"@type":"BreadcrumbList","@id":"https:\/\/www.enovacom.com\/en\/expertise\/#breadcrumb","itemListElement":[{"@type":"ListItem","position":1,"name":"Enovacom","item":"https:\/\/www.enovacom.com\/en\/"},{"@type":"ListItem","position":2,"name":"Our expertise"}]},{"@type":"WebSite","@id":"https:\/\/www.enovacom.com\/en\/#website","url":"https:\/\/www.enovacom.com\/en\/","name":"Enovacom","description":"Facilitons l\u2019\u00e9change et le partage des donn\u00e9es de sant\u00e9, en toute confiance","publisher":{"@id":"https:\/\/www.enovacom.com\/en\/#organization"},"potentialAction":[{"@type":"SearchAction","target":{"@type":"EntryPoint","urlTemplate":"https:\/\/www.enovacom.com\/en\/?s={search_term_string}"},"query-input":{"@type":"PropertyValueSpecification","valueRequired":true,"valueName":"search_term_string"}}],"inLanguage":"en-US"},{"@type":"Organization","@id":"https:\/\/www.enovacom.com\/en\/#organization","name":"Enovacom","url":"https:\/\/www.enovacom.com\/en\/","logo":{"@type":"ImageObject","inLanguage":"en-US","@id":"https:\/\/www.enovacom.com\/en\/#\/schema\/logo\/image\/","url":"https:\/\/www.enovacom.com\/wp-content\/uploads\/2023\/10\/logo-texte.svg","contentUrl":"https:\/\/www.enovacom.com\/wp-content\/uploads\/2023\/10\/logo-texte.svg","width":209,"height":41,"caption":"Enovacom"},"image":{"@id":"https:\/\/www.enovacom.com\/en\/#\/schema\/logo\/image\/"},"sameAs":["https:\/\/www.facebook.com\/enovacom","https:\/\/x.com\/enovacom_fr","https:\/\/www.linkedin.com\/company\/enovacom\/"]}]}},"_links":{"self":[{"href":"https:\/\/www.enovacom.com\/en\/wp-json\/wp\/v2\/pages\/96782","targetHints":{"allow":["GET"]}}],"collection":[{"href":"https:\/\/www.enovacom.com\/en\/wp-json\/wp\/v2\/pages"}],"about":[{"href":"https:\/\/www.enovacom.com\/en\/wp-json\/wp\/v2\/types\/page"}],"author":[{"embeddable":true,"href":"https:\/\/www.enovacom.com\/en\/wp-json\/wp\/v2\/users\/1001129"}],"replies":[{"embeddable":true,"href":"https:\/\/www.enovacom.com\/en\/wp-json\/wp\/v2\/comments?post=96782"}],"version-history":[{"count":6,"href":"https:\/\/www.enovacom.com\/en\/wp-json\/wp\/v2\/pages\/96782\/revisions"}],"predecessor-version":[{"id":96788,"href":"https:\/\/www.enovacom.com\/en\/wp-json\/wp\/v2\/pages\/96782\/revisions\/96788"}],"wp:featuredmedia":[{"embeddable":true,"href":"https:\/\/www.enovacom.com\/en\/wp-json\/wp\/v2\/media\/89305"}],"wp:attachment":[{"href":"https:\/\/www.enovacom.com\/en\/wp-json\/wp\/v2\/media?parent=96782"}],"curies":[{"name":"wp","href":"https:\/\/api.w.org\/{rel}","templated":true}]}}