{"id":95380,"date":"2024-01-24T11:26:24","date_gmt":"2024-01-24T10:26:24","guid":{"rendered":"https:\/\/www.enovacom.com\/nos-realisations\/"},"modified":"2024-05-15T16:23:56","modified_gmt":"2024-05-15T14:23:56","slug":"nos-realisations","status":"publish","type":"page","link":"https:\/\/www.enovacom.com\/fr-int\/nos-realisations\/","title":{"rendered":"Nos r\u00e9alisations"},"content":{"rendered":"\t\t<div data-elementor-type=\"wp-page\" data-elementor-id=\"95380\" class=\"elementor elementor-95380 elementor-91962\" data-elementor-post-type=\"page\">\n\t\t\t\t<div class=\"elementor-element elementor-element-75a14e1 e-flex e-con-boxed e-con e-parent\" data-id=\"75a14e1\" data-element_type=\"container\" data-e-type=\"container\">\n\t\t\t\t\t<div class=\"e-con-inner\">\n\t\t\t\t<div class=\"elementor-element elementor-element-a630d06 elementor-widget elementor-widget-text-editor\" data-id=\"a630d06\" data-element_type=\"widget\" data-e-type=\"widget\" data-widget_type=\"text-editor.default\">\n\t\t\t\t<div class=\"elementor-widget-container\">\n\t\t\t\t\t\t\t\t\t<p><span class=\"NormalTextRun SCXW49765535 BCX8\">Depuis plus de 20 ans, nous accompagnons toutes les structures de sant\u00e9 dans leur transformation num\u00e9rique. Interop\u00e9rabilit\u00e9, entrep\u00f4t de donn\u00e9es de sant\u00e9, interop\u00e9rabilit\u00e9 biom\u00e9dicale, <\/span><span class=\"NormalTextRun SpellingErrorV2Themed SCXW49765535 BCX8\">IAM<\/span><span class=\"NormalTextRun SCXW49765535 BCX8\">, d\u00e9couvrez comment les solutions Enovacom ont permis de faire gagner du temps \u00e0 nos clients.<\/span><\/p>\n\t\t\t\t\t\t\t\t<\/div>\n\t\t\t\t<\/div>\n\t\t\t\t\t<\/div>\n\t\t\t\t<\/div>\n\t\t<div class=\"elementor-element elementor-element-7a5f6d4 e-flex e-con-boxed e-con e-parent\" data-id=\"7a5f6d4\" data-element_type=\"container\" data-e-type=\"container\">\n\t\t\t\t\t<div class=\"e-con-inner\">\n\t\t\t\t<div class=\"elementor-element elementor-element-1d3bfbd elementor-grid-3 elementor-grid-tablet-2 elementor-grid-mobile-1 elementor-posts--thumbnail-top elementor-widget elementor-widget-posts\" data-id=\"1d3bfbd\" data-element_type=\"widget\" data-e-type=\"widget\" data-settings=\"{&quot;pagination_type&quot;:&quot;numbers&quot;,&quot;classic_columns&quot;:&quot;3&quot;,&quot;classic_columns_tablet&quot;:&quot;2&quot;,&quot;classic_columns_mobile&quot;:&quot;1&quot;,&quot;classic_row_gap&quot;:{&quot;unit&quot;:&quot;px&quot;,&quot;size&quot;:35,&quot;sizes&quot;:[]},&quot;classic_row_gap_tablet&quot;:{&quot;unit&quot;:&quot;px&quot;,&quot;size&quot;:&quot;&quot;,&quot;sizes&quot;:[]},&quot;classic_row_gap_mobile&quot;:{&quot;unit&quot;:&quot;px&quot;,&quot;size&quot;:&quot;&quot;,&quot;sizes&quot;:[]}}\" data-widget_type=\"posts.classic\">\n\t\t\t\t<div class=\"elementor-widget-container\">\n\t\t\t\t\t\t\t<div class=\"elementor-posts-container elementor-posts elementor-posts--skin-classic elementor-grid\" role=\"list\">\n\t\t\t\t<article class=\"elementor-post elementor-grid-item post-103382 realisation type-realisation status-publish has-post-thumbnail hentry\" role=\"listitem\">\n\t\t\t\t<a class=\"elementor-post__thumbnail__link\" href=\"https:\/\/www.enovacom.com\/fr-int\/realisation\/fini-les-solutions-isolees-polypoint-a-revolutionne-son-ecosysteme-sante-avec-linteroperabilite-denovacom\/\" tabindex=\"-1\" >\n\t\t\t<div class=\"elementor-post__thumbnail\"><img fetchpriority=\"high\" decoding=\"async\" width=\"768\" height=\"512\" src=\"https:\/\/www.enovacom.com\/wp-content\/uploads\/2025\/12\/AdobeStock_1529501491-768x512.jpeg\" class=\"attachment-medium_large size-medium_large wp-image-103384\" alt=\"Deux personnes consultent un ordinateur affichant toutes les interfaces connect\u00e9es de leur syst\u00e8me de sant\u00e9, rendues possibles gr\u00e2ce \u00e0 l\u2019interop\u00e9rabilit\u00e9.\" \/><\/div>\n\t\t<\/a>\n\t\t\t\t<div class=\"elementor-post__text\">\n\t\t\t\t<h3 class=\"elementor-post__title\">\n\t\t\t<a href=\"https:\/\/www.enovacom.com\/fr-int\/realisation\/fini-les-solutions-isolees-polypoint-a-revolutionne-son-ecosysteme-sante-avec-linteroperabilite-denovacom\/\" >\n\t\t\t\tFini les solutions isol\u00e9es : POLYPOINT a r\u00e9volutionn\u00e9 son \u00e9cosyst\u00e8me sant\u00e9 avec l\u2019interop\u00e9rabilit\u00e9 d&rsquo;Enovacom\t\t\t<\/a>\n\t\t<\/h3>\n\t\t\t\t<\/div>\n\t\t\t\t<\/article>\n\t\t\t\t<article class=\"elementor-post elementor-grid-item post-103227 realisation type-realisation status-publish has-post-thumbnail hentry\" role=\"listitem\">\n\t\t\t\t<a class=\"elementor-post__thumbnail__link\" href=\"https:\/\/www.enovacom.com\/fr-int\/realisation\/swisstransplant-coordination-nationale-optimisee-grace-a-la-telemedecine-denovacom\/\" tabindex=\"-1\" >\n\t\t\t<div class=\"elementor-post__thumbnail\"><img decoding=\"async\" width=\"768\" height=\"512\" src=\"https:\/\/www.enovacom.com\/wp-content\/uploads\/2025\/12\/AdobeStock_403232612-1-768x512.jpeg\" class=\"attachment-medium_large size-medium_large wp-image-103223\" alt=\"Professionnel de sant\u00e9 en consultation de t\u00e9l\u00e9m\u00e9decine\" \/><\/div>\n\t\t<\/a>\n\t\t\t\t<div class=\"elementor-post__text\">\n\t\t\t\t<h3 class=\"elementor-post__title\">\n\t\t\t<a href=\"https:\/\/www.enovacom.com\/fr-int\/realisation\/swisstransplant-coordination-nationale-optimisee-grace-a-la-telemedecine-denovacom\/\" >\n\t\t\t\tSwisstransplant : coordination nationale optimis\u00e9e gr\u00e2ce \u00e0 la t\u00e9l\u00e9m\u00e9decine d\u2019Enovacom\t\t\t<\/a>\n\t\t<\/h3>\n\t\t\t\t<\/div>\n\t\t\t\t<\/article>\n\t\t\t\t<article class=\"elementor-post elementor-grid-item post-102725 realisation type-realisation status-publish has-post-thumbnail hentry\" role=\"listitem\">\n\t\t\t\t<a class=\"elementor-post__thumbnail__link\" href=\"https:\/\/www.enovacom.com\/fr-int\/realisation\/interoperabilite-et-partage-des-donnees-enovacom-transforme-la-prise-en-charge-en-psychiatrie-au-royaume-uni\/\" tabindex=\"-1\" >\n\t\t\t<div class=\"elementor-post__thumbnail\"><img decoding=\"async\" width=\"768\" height=\"528\" src=\"https:\/\/www.enovacom.com\/wp-content\/uploads\/2025\/11\/AdobeStock_294484212-scaled-e1762446513627.jpeg\" class=\"attachment-medium_large size-medium_large wp-image-102687\" alt=\"Deux professionnels de sant\u00e9 \u00e9changent en consultant des informations sur l&#039;\u00e9cran d&#039;un ordinateur\" \/><\/div>\n\t\t<\/a>\n\t\t\t\t<div class=\"elementor-post__text\">\n\t\t\t\t<h3 class=\"elementor-post__title\">\n\t\t\t<a href=\"https:\/\/www.enovacom.com\/fr-int\/realisation\/interoperabilite-et-partage-des-donnees-enovacom-transforme-la-prise-en-charge-en-psychiatrie-au-royaume-uni\/\" >\n\t\t\t\tInterop\u00e9rabilit\u00e9 et partage des donn\u00e9es : Enovacom transforme la prise en charge en psychiatrie au Royaume-Uni\t\t\t<\/a>\n\t\t<\/h3>\n\t\t\t\t<\/div>\n\t\t\t\t<\/article>\n\t\t\t\t<article class=\"elementor-post elementor-grid-item post-102529 realisation type-realisation status-publish has-post-thumbnail hentry\" role=\"listitem\">\n\t\t\t\t<a class=\"elementor-post__thumbnail__link\" href=\"https:\/\/www.enovacom.com\/fr-int\/realisation\/clinique-schutzen-rheinfelden-un-modele-unique-de-coordination-des-soins-psychiatriques-grace-a-enovacom-integration-engine\/\" tabindex=\"-1\" >\n\t\t\t<div class=\"elementor-post__thumbnail\"><img loading=\"lazy\" decoding=\"async\" width=\"768\" height=\"514\" src=\"https:\/\/www.enovacom.com\/wp-content\/uploads\/2025\/10\/h_p002-10-93-original-768x514.jpeg\" class=\"attachment-medium_large size-medium_large wp-image-102531\" alt=\"Clinique Sch\u00fctzen Rheinfelden\" srcset=\"https:\/\/www.enovacom.com\/wp-content\/uploads\/2025\/10\/h_p002-10-93-original-768x514.jpeg 768w, https:\/\/www.enovacom.com\/wp-content\/uploads\/2025\/10\/h_p002-10-93-original-300x201.jpeg 300w, https:\/\/www.enovacom.com\/wp-content\/uploads\/2025\/10\/h_p002-10-93-original-1024x685.jpeg 1024w, https:\/\/www.enovacom.com\/wp-content\/uploads\/2025\/10\/h_p002-10-93-original.jpeg 1181w\" sizes=\"(max-width: 768px) 100vw, 768px\" \/><\/div>\n\t\t<\/a>\n\t\t\t\t<div class=\"elementor-post__text\">\n\t\t\t\t<h3 class=\"elementor-post__title\">\n\t\t\t<a href=\"https:\/\/www.enovacom.com\/fr-int\/realisation\/clinique-schutzen-rheinfelden-un-modele-unique-de-coordination-des-soins-psychiatriques-grace-a-enovacom-integration-engine\/\" >\n\t\t\t\tClinique Sch\u00fctzen Rheinfelden : un mod\u00e8le unique de coordination des soins psychiatriques gr\u00e2ce \u00e0 Enovacom Integration Engine\t\t\t<\/a>\n\t\t<\/h3>\n\t\t\t\t<\/div>\n\t\t\t\t<\/article>\n\t\t\t\t<article class=\"elementor-post elementor-grid-item post-102469 realisation type-realisation status-publish has-post-thumbnail hentry\" role=\"listitem\">\n\t\t\t\t<a class=\"elementor-post__thumbnail__link\" href=\"https:\/\/www.enovacom.com\/fr-int\/realisation\/agence-de-la-biomedecine-la-plateforme-de-telesante-enovacom-accelere-et-securise-la-transplantation-dorganes\/\" tabindex=\"-1\" >\n\t\t\t<div class=\"elementor-post__thumbnail\"><img loading=\"lazy\" decoding=\"async\" width=\"768\" height=\"512\" src=\"https:\/\/www.enovacom.com\/wp-content\/uploads\/2025\/10\/AdobeStock_294704095-e1761226557599.jpeg\" class=\"attachment-medium_large size-medium_large wp-image-102472\" alt=\"Chirurgien ajustant son bonnet avant une intervention\" \/><\/div>\n\t\t<\/a>\n\t\t\t\t<div class=\"elementor-post__text\">\n\t\t\t\t<h3 class=\"elementor-post__title\">\n\t\t\t<a href=\"https:\/\/www.enovacom.com\/fr-int\/realisation\/agence-de-la-biomedecine-la-plateforme-de-telesante-enovacom-accelere-et-securise-la-transplantation-dorganes\/\" >\n\t\t\t\tAgence de la biom\u00e9decine : la plateforme de t\u00e9l\u00e9sant\u00e9 Enovacom acc\u00e9l\u00e8re et s\u00e9curise la transplantation d&rsquo;organes\t\t\t<\/a>\n\t\t<\/h3>\n\t\t\t\t<\/div>\n\t\t\t\t<\/article>\n\t\t\t\t<article class=\"elementor-post elementor-grid-item post-101438 realisation type-realisation status-publish has-post-thumbnail hentry categorie-realisation-interoperabilite-fr-int categorie-realisation-interoperabilite-biomediacale-fr-int\" role=\"listitem\">\n\t\t\t\t<a class=\"elementor-post__thumbnail__link\" href=\"https:\/\/www.enovacom.com\/fr-int\/realisation\/depistage-du-cancer-colorectal-enovacom-contribue-a-la-reduction-du-temps-de-creation-des-rapports-dendoscopie-et-a-la-qualite-du-rapport-de-coloscopie\/\" tabindex=\"-1\" >\n\t\t\t<div class=\"elementor-post__thumbnail\"><img loading=\"lazy\" decoding=\"async\" width=\"768\" height=\"512\" src=\"https:\/\/www.enovacom.com\/wp-content\/uploads\/2025\/05\/AdobeStock_1200272587-768x512.jpeg\" class=\"attachment-medium_large size-medium_large wp-image-101254\" alt=\"D\u00e9pistage Cancer Colorectal ruban\" srcset=\"https:\/\/www.enovacom.com\/wp-content\/uploads\/2025\/05\/AdobeStock_1200272587-768x512.jpeg 768w, https:\/\/www.enovacom.com\/wp-content\/uploads\/2025\/05\/AdobeStock_1200272587-300x200.jpeg 300w, https:\/\/www.enovacom.com\/wp-content\/uploads\/2025\/05\/AdobeStock_1200272587-1024x683.jpeg 1024w, https:\/\/www.enovacom.com\/wp-content\/uploads\/2025\/05\/AdobeStock_1200272587-1536x1024.jpeg 1536w, https:\/\/www.enovacom.com\/wp-content\/uploads\/2025\/05\/AdobeStock_1200272587-2048x1365.jpeg 2048w\" sizes=\"(max-width: 768px) 100vw, 768px\" \/><\/div>\n\t\t<\/a>\n\t\t\t\t<div class=\"elementor-post__text\">\n\t\t\t\t<h3 class=\"elementor-post__title\">\n\t\t\t<a href=\"https:\/\/www.enovacom.com\/fr-int\/realisation\/depistage-du-cancer-colorectal-enovacom-contribue-a-la-reduction-du-temps-de-creation-des-rapports-dendoscopie-et-a-la-qualite-du-rapport-de-coloscopie\/\" >\n\t\t\t\tD\u00e9pistage du cancer colorectal : Enovacom contribue \u00e0 la r\u00e9duction du temps de cr\u00e9ation des rapports d\u2019endoscopie et \u00e0 la qualit\u00e9 du rapport de coloscopie\t\t\t<\/a>\n\t\t<\/h3>\n\t\t\t\t<\/div>\n\t\t\t\t<\/article>\n\t\t\t\t<article class=\"elementor-post elementor-grid-item post-95394 realisation type-realisation status-publish has-post-thumbnail hentry categorie-realisation-entrepot-de-donnees-fr-int\" role=\"listitem\">\n\t\t\t\t<a class=\"elementor-post__thumbnail__link\" href=\"https:\/\/www.enovacom.com\/fr-int\/realisation\/cliniques-de-leurope-lentrepot-de-donnees-fhir-au-coeur-dun-projet-de-portail-patient\/\" tabindex=\"-1\" >\n\t\t\t<div class=\"elementor-post__thumbnail\"><img loading=\"lazy\" decoding=\"async\" width=\"768\" height=\"523\" src=\"https:\/\/www.enovacom.com\/wp-content\/uploads\/2023\/11\/Clinique-Ste-Elisabeth-768x523.webp\" class=\"attachment-medium_large size-medium_large wp-image-95395\" alt=\"\" srcset=\"https:\/\/www.enovacom.com\/wp-content\/uploads\/2023\/11\/Clinique-Ste-Elisabeth-768x523.webp 768w, https:\/\/www.enovacom.com\/wp-content\/uploads\/2023\/11\/Clinique-Ste-Elisabeth-300x204.webp 300w, https:\/\/www.enovacom.com\/wp-content\/uploads\/2023\/11\/Clinique-Ste-Elisabeth-1024x697.webp 1024w, https:\/\/www.enovacom.com\/wp-content\/uploads\/2023\/11\/Clinique-Ste-Elisabeth-1536x1046.webp 1536w, https:\/\/www.enovacom.com\/wp-content\/uploads\/2023\/11\/Clinique-Ste-Elisabeth-2048x1395.webp 2048w\" sizes=\"(max-width: 768px) 100vw, 768px\" \/><\/div>\n\t\t<\/a>\n\t\t\t\t<div class=\"elementor-post__text\">\n\t\t\t\t<h3 class=\"elementor-post__title\">\n\t\t\t<a href=\"https:\/\/www.enovacom.com\/fr-int\/realisation\/cliniques-de-leurope-lentrepot-de-donnees-fhir-au-coeur-dun-projet-de-portail-patient\/\" >\n\t\t\t\tCliniques de l\u2019Europe : l\u2019entrep\u00f4t de donn\u00e9es FHIR au c\u0153ur d\u2019un projet de portail patient\t\t\t<\/a>\n\t\t<\/h3>\n\t\t\t\t<\/div>\n\t\t\t\t<\/article>\n\t\t\t\t<article class=\"elementor-post elementor-grid-item post-95402 realisation type-realisation status-publish has-post-thumbnail hentry categorie-realisation-interoperabilite-biomediacale-fr-int\" role=\"listitem\">\n\t\t\t\t<a class=\"elementor-post__thumbnail__link\" href=\"https:\/\/www.enovacom.com\/fr-int\/realisation\/hopital-nova-de-jyvaskyla-le-parcours-patient-optimise-par-linteroperabilite-biomedicale\/\" tabindex=\"-1\" >\n\t\t\t<div class=\"elementor-post__thumbnail\"><img loading=\"lazy\" decoding=\"async\" width=\"768\" height=\"593\" src=\"https:\/\/www.enovacom.com\/wp-content\/uploads\/2023\/12\/2Y4A9160tehty-768x593.jpg\" class=\"attachment-medium_large size-medium_large wp-image-95403\" alt=\"\" srcset=\"https:\/\/www.enovacom.com\/wp-content\/uploads\/2023\/12\/2Y4A9160tehty-768x593.jpg 768w, https:\/\/www.enovacom.com\/wp-content\/uploads\/2023\/12\/2Y4A9160tehty-300x232.jpg 300w, https:\/\/www.enovacom.com\/wp-content\/uploads\/2023\/12\/2Y4A9160tehty-1024x791.jpg 1024w, https:\/\/www.enovacom.com\/wp-content\/uploads\/2023\/12\/2Y4A9160tehty-1536x1187.jpg 1536w, https:\/\/www.enovacom.com\/wp-content\/uploads\/2023\/12\/2Y4A9160tehty-2048x1583.jpg 2048w\" sizes=\"(max-width: 768px) 100vw, 768px\" \/><\/div>\n\t\t<\/a>\n\t\t\t\t<div class=\"elementor-post__text\">\n\t\t\t\t<h3 class=\"elementor-post__title\">\n\t\t\t<a href=\"https:\/\/www.enovacom.com\/fr-int\/realisation\/hopital-nova-de-jyvaskyla-le-parcours-patient-optimise-par-linteroperabilite-biomedicale\/\" >\n\t\t\t\tH\u00f4pital Nova de Jyv\u00e4skyl\u00e4 : le parcours patient optimis\u00e9 par l&rsquo;interop\u00e9rabilit\u00e9 biom\u00e9dicale\t\t\t<\/a>\n\t\t<\/h3>\n\t\t\t\t<\/div>\n\t\t\t\t<\/article>\n\t\t\t\t<article class=\"elementor-post elementor-grid-item post-95412 realisation type-realisation status-publish has-post-thumbnail hentry categorie-realisation-interoperabilite-fr-int\" role=\"listitem\">\n\t\t\t\t<a class=\"elementor-post__thumbnail__link\" href=\"https:\/\/www.enovacom.com\/fr-int\/realisation\/unliabs-la-plateforme-dinteroperabilite-denovacom-pour-traiter-les-resultats-de-laboratoires-suisses\/\" tabindex=\"-1\" >\n\t\t\t<div class=\"elementor-post__thumbnail\"><img loading=\"lazy\" decoding=\"async\" width=\"768\" height=\"513\" src=\"https:\/\/www.enovacom.com\/wp-content\/uploads\/2023\/12\/AdobeStock_603233704-1-768x513.webp\" class=\"attachment-medium_large size-medium_large wp-image-95413\" alt=\"\" srcset=\"https:\/\/www.enovacom.com\/wp-content\/uploads\/2023\/12\/AdobeStock_603233704-1-768x513.webp 768w, https:\/\/www.enovacom.com\/wp-content\/uploads\/2023\/12\/AdobeStock_603233704-1-300x200.webp 300w, https:\/\/www.enovacom.com\/wp-content\/uploads\/2023\/12\/AdobeStock_603233704-1-1024x683.webp 1024w, https:\/\/www.enovacom.com\/wp-content\/uploads\/2023\/12\/AdobeStock_603233704-1-1536x1025.webp 1536w, https:\/\/www.enovacom.com\/wp-content\/uploads\/2023\/12\/AdobeStock_603233704-1-2048x1367.webp 2048w\" sizes=\"(max-width: 768px) 100vw, 768px\" \/><\/div>\n\t\t<\/a>\n\t\t\t\t<div class=\"elementor-post__text\">\n\t\t\t\t<h3 class=\"elementor-post__title\">\n\t\t\t<a href=\"https:\/\/www.enovacom.com\/fr-int\/realisation\/unliabs-la-plateforme-dinteroperabilite-denovacom-pour-traiter-les-resultats-de-laboratoires-suisses\/\" >\n\t\t\t\tUnilabs : la plateforme d&rsquo;interop\u00e9rabilit\u00e9 d&rsquo;Enovacom pour traiter les r\u00e9sultats de laboratoires suisses\t\t\t<\/a>\n\t\t<\/h3>\n\t\t\t\t<\/div>\n\t\t\t\t<\/article>\n\t\t\t\t<\/div>\n\t\t\n\t\t\t\t<div class=\"e-load-more-anchor\" data-page=\"1\" data-max-page=\"2\" data-next-page=\"https:\/\/www.enovacom.com\/fr-int\/wp-json\/wp\/v2\/pages\/95380\/page\/2\/\"><\/div>\n\t\t\t\t<nav class=\"elementor-pagination\" aria-label=\"Pagination\">\n\t\t\t<span aria-current=\"page\" class=\"page-numbers current\"><span class=\"elementor-screen-only\">Page<\/span>1<\/span>\n<a class=\"page-numbers\" href=\"https:\/\/www.enovacom.com\/fr-int\/wp-json\/wp\/v2\/pages\/95380\/page\/2\/\"><span class=\"elementor-screen-only\">Page<\/span>2<\/a>\t\t<\/nav>\n\t\t\t\t\t\t<\/div>\n\t\t\t\t<\/div>\n\t\t\t\t\t<\/div>\n\t\t\t\t<\/div>\n\t\t\t\t<\/div>\n\t\t","protected":false},"excerpt":{"rendered":"<p>Depuis plus de 20 ans, nous accompagnons toutes les structures de sant\u00e9 dans leur transformation num\u00e9rique. Interop\u00e9rabilit\u00e9, entrep\u00f4t de donn\u00e9es de sant\u00e9, interop\u00e9rabilit\u00e9 biom\u00e9dicale, IAM,<\/p>\n","protected":false},"author":1001133,"featured_media":0,"parent":0,"menu_order":0,"comment_status":"closed","ping_status":"closed","template":"","meta":{"_acf_changed":false,"footnotes":""},"class_list":["post-95380","page","type-page","status-publish","hentry"],"acf":[],"yoast_head":"<!-- This site is optimized with the Yoast SEO plugin v27.3 - https:\/\/yoast.com\/product\/yoast-seo-wordpress\/ -->\n<title>Les r\u00e9alisations d&#039;Enovacom en sant\u00e9<\/title>\n<meta name=\"description\" content=\"Interop\u00e9rabilit\u00e9, entrep\u00f4t de donn\u00e9es, IAM. D\u00e9couvrez comment les solutions Enovacom ont permis de faire gagner du temps \u00e0 nos clients.\" \/>\n<meta name=\"robots\" content=\"index, follow, max-snippet:-1, max-image-preview:large, max-video-preview:-1\" \/>\n<link rel=\"canonical\" href=\"https:\/\/www.enovacom.com\/fr-int\/nos-realisations\/\" \/>\n<meta property=\"og:locale\" content=\"fr_CA\" \/>\n<meta property=\"og:type\" content=\"article\" \/>\n<meta property=\"og:title\" content=\"Les r\u00e9alisations d&#039;Enovacom en sant\u00e9\" \/>\n<meta property=\"og:description\" content=\"Interop\u00e9rabilit\u00e9, entrep\u00f4t de donn\u00e9es, IAM. D\u00e9couvrez comment les solutions Enovacom ont permis de faire gagner du temps \u00e0 nos clients.\" \/>\n<meta property=\"og:url\" content=\"https:\/\/www.enovacom.com\/fr-int\/nos-realisations\/\" \/>\n<meta property=\"og:site_name\" content=\"Enovacom\" \/>\n<meta property=\"article:publisher\" content=\"https:\/\/www.facebook.com\/enovacom\" \/>\n<meta property=\"article:modified_time\" content=\"2024-05-15T14:23:56+00:00\" \/>\n<meta property=\"og:image\" content=\"https:\/\/www.enovacom.com\/wp-content\/uploads\/2023\/10\/Group-13.png\" \/>\n\t<meta property=\"og:image:width\" content=\"1440\" \/>\n\t<meta property=\"og:image:height\" content=\"860\" \/>\n\t<meta property=\"og:image:type\" content=\"image\/png\" \/>\n<meta name=\"twitter:card\" content=\"summary_large_image\" \/>\n<meta name=\"twitter:site\" content=\"@enovacom_fr\" \/>\n<meta name=\"twitter:label1\" content=\"Estimation du temps de lecture\" \/>\n\t<meta name=\"twitter:data1\" content=\"3 minutes\" \/>\n<script type=\"application\/ld+json\" class=\"yoast-schema-graph\">{\"@context\":\"https:\\\/\\\/schema.org\",\"@graph\":[{\"@type\":\"WebPage\",\"@id\":\"https:\\\/\\\/www.enovacom.com\\\/fr-int\\\/nos-realisations\\\/\",\"url\":\"https:\\\/\\\/www.enovacom.com\\\/fr-int\\\/nos-realisations\\\/\",\"name\":\"Les r\u00e9alisations d'Enovacom en sant\u00e9\",\"isPartOf\":{\"@id\":\"https:\\\/\\\/www.enovacom.com\\\/fr-int\\\/#website\"},\"datePublished\":\"2024-01-24T10:26:24+00:00\",\"dateModified\":\"2024-05-15T14:23:56+00:00\",\"description\":\"Interop\u00e9rabilit\u00e9, entrep\u00f4t de donn\u00e9es, IAM. D\u00e9couvrez comment les solutions Enovacom ont permis de faire gagner du temps \u00e0 nos clients.\",\"breadcrumb\":{\"@id\":\"https:\\\/\\\/www.enovacom.com\\\/fr-int\\\/nos-realisations\\\/#breadcrumb\"},\"inLanguage\":\"fr-CA\",\"potentialAction\":[{\"@type\":\"ReadAction\",\"target\":[\"https:\\\/\\\/www.enovacom.com\\\/fr-int\\\/nos-realisations\\\/\"]}]},{\"@type\":\"BreadcrumbList\",\"@id\":\"https:\\\/\\\/www.enovacom.com\\\/fr-int\\\/nos-realisations\\\/#breadcrumb\",\"itemListElement\":[{\"@type\":\"ListItem\",\"position\":1,\"name\":\"Enovacom\",\"item\":\"https:\\\/\\\/www.enovacom.com\\\/fr-int\\\/\"},{\"@type\":\"ListItem\",\"position\":2,\"name\":\"Nos r\u00e9alisations\"}]},{\"@type\":\"WebSite\",\"@id\":\"https:\\\/\\\/www.enovacom.com\\\/fr-int\\\/#website\",\"url\":\"https:\\\/\\\/www.enovacom.com\\\/fr-int\\\/\",\"name\":\"Enovacom\",\"description\":\"Facilitons l\u2019\u00e9change et le partage des donn\u00e9es de sant\u00e9, en toute confiance\",\"publisher\":{\"@id\":\"https:\\\/\\\/www.enovacom.com\\\/fr-int\\\/#organization\"},\"potentialAction\":[{\"@type\":\"SearchAction\",\"target\":{\"@type\":\"EntryPoint\",\"urlTemplate\":\"https:\\\/\\\/www.enovacom.com\\\/fr-int\\\/?s={search_term_string}\"},\"query-input\":{\"@type\":\"PropertyValueSpecification\",\"valueRequired\":true,\"valueName\":\"search_term_string\"}}],\"inLanguage\":\"fr-CA\"},{\"@type\":\"Organization\",\"@id\":\"https:\\\/\\\/www.enovacom.com\\\/fr-int\\\/#organization\",\"name\":\"Enovacom\",\"url\":\"https:\\\/\\\/www.enovacom.com\\\/fr-int\\\/\",\"logo\":{\"@type\":\"ImageObject\",\"inLanguage\":\"fr-CA\",\"@id\":\"https:\\\/\\\/www.enovacom.com\\\/fr-int\\\/#\\\/schema\\\/logo\\\/image\\\/\",\"url\":\"https:\\\/\\\/www.enovacom.com\\\/wp-content\\\/uploads\\\/2023\\\/10\\\/logo-texte.svg\",\"contentUrl\":\"https:\\\/\\\/www.enovacom.com\\\/wp-content\\\/uploads\\\/2023\\\/10\\\/logo-texte.svg\",\"width\":209,\"height\":41,\"caption\":\"Enovacom\"},\"image\":{\"@id\":\"https:\\\/\\\/www.enovacom.com\\\/fr-int\\\/#\\\/schema\\\/logo\\\/image\\\/\"},\"sameAs\":[\"https:\\\/\\\/www.facebook.com\\\/enovacom\",\"https:\\\/\\\/x.com\\\/enovacom_fr\",\"https:\\\/\\\/www.linkedin.com\\\/company\\\/enovacom\\\/\"]}]}<\/script>\n<!-- \/ Yoast SEO plugin. -->","yoast_head_json":{"title":"Les r\u00e9alisations d'Enovacom en sant\u00e9","description":"Interop\u00e9rabilit\u00e9, entrep\u00f4t de donn\u00e9es, IAM. D\u00e9couvrez comment les solutions Enovacom ont permis de faire gagner du temps \u00e0 nos clients.","robots":{"index":"index","follow":"follow","max-snippet":"max-snippet:-1","max-image-preview":"max-image-preview:large","max-video-preview":"max-video-preview:-1"},"canonical":"https:\/\/www.enovacom.com\/fr-int\/nos-realisations\/","og_locale":"fr_CA","og_type":"article","og_title":"Les r\u00e9alisations d'Enovacom en sant\u00e9","og_description":"Interop\u00e9rabilit\u00e9, entrep\u00f4t de donn\u00e9es, IAM. D\u00e9couvrez comment les solutions Enovacom ont permis de faire gagner du temps \u00e0 nos clients.","og_url":"https:\/\/www.enovacom.com\/fr-int\/nos-realisations\/","og_site_name":"Enovacom","article_publisher":"https:\/\/www.facebook.com\/enovacom","article_modified_time":"2024-05-15T14:23:56+00:00","og_image":[{"width":1440,"height":860,"url":"https:\/\/www.enovacom.com\/wp-content\/uploads\/2023\/10\/Group-13.png","type":"image\/png"}],"twitter_card":"summary_large_image","twitter_site":"@enovacom_fr","twitter_misc":{"Estimation du temps de lecture":"3 minutes"},"schema":{"@context":"https:\/\/schema.org","@graph":[{"@type":"WebPage","@id":"https:\/\/www.enovacom.com\/fr-int\/nos-realisations\/","url":"https:\/\/www.enovacom.com\/fr-int\/nos-realisations\/","name":"Les r\u00e9alisations d'Enovacom en sant\u00e9","isPartOf":{"@id":"https:\/\/www.enovacom.com\/fr-int\/#website"},"datePublished":"2024-01-24T10:26:24+00:00","dateModified":"2024-05-15T14:23:56+00:00","description":"Interop\u00e9rabilit\u00e9, entrep\u00f4t de donn\u00e9es, IAM. D\u00e9couvrez comment les solutions Enovacom ont permis de faire gagner du temps \u00e0 nos clients.","breadcrumb":{"@id":"https:\/\/www.enovacom.com\/fr-int\/nos-realisations\/#breadcrumb"},"inLanguage":"fr-CA","potentialAction":[{"@type":"ReadAction","target":["https:\/\/www.enovacom.com\/fr-int\/nos-realisations\/"]}]},{"@type":"BreadcrumbList","@id":"https:\/\/www.enovacom.com\/fr-int\/nos-realisations\/#breadcrumb","itemListElement":[{"@type":"ListItem","position":1,"name":"Enovacom","item":"https:\/\/www.enovacom.com\/fr-int\/"},{"@type":"ListItem","position":2,"name":"Nos r\u00e9alisations"}]},{"@type":"WebSite","@id":"https:\/\/www.enovacom.com\/fr-int\/#website","url":"https:\/\/www.enovacom.com\/fr-int\/","name":"Enovacom","description":"Facilitons l\u2019\u00e9change et le partage des donn\u00e9es de sant\u00e9, en toute confiance","publisher":{"@id":"https:\/\/www.enovacom.com\/fr-int\/#organization"},"potentialAction":[{"@type":"SearchAction","target":{"@type":"EntryPoint","urlTemplate":"https:\/\/www.enovacom.com\/fr-int\/?s={search_term_string}"},"query-input":{"@type":"PropertyValueSpecification","valueRequired":true,"valueName":"search_term_string"}}],"inLanguage":"fr-CA"},{"@type":"Organization","@id":"https:\/\/www.enovacom.com\/fr-int\/#organization","name":"Enovacom","url":"https:\/\/www.enovacom.com\/fr-int\/","logo":{"@type":"ImageObject","inLanguage":"fr-CA","@id":"https:\/\/www.enovacom.com\/fr-int\/#\/schema\/logo\/image\/","url":"https:\/\/www.enovacom.com\/wp-content\/uploads\/2023\/10\/logo-texte.svg","contentUrl":"https:\/\/www.enovacom.com\/wp-content\/uploads\/2023\/10\/logo-texte.svg","width":209,"height":41,"caption":"Enovacom"},"image":{"@id":"https:\/\/www.enovacom.com\/fr-int\/#\/schema\/logo\/image\/"},"sameAs":["https:\/\/www.facebook.com\/enovacom","https:\/\/x.com\/enovacom_fr","https:\/\/www.linkedin.com\/company\/enovacom\/"]}]}},"_links":{"self":[{"href":"https:\/\/www.enovacom.com\/fr-int\/wp-json\/wp\/v2\/pages\/95380","targetHints":{"allow":["GET"]}}],"collection":[{"href":"https:\/\/www.enovacom.com\/fr-int\/wp-json\/wp\/v2\/pages"}],"about":[{"href":"https:\/\/www.enovacom.com\/fr-int\/wp-json\/wp\/v2\/types\/page"}],"author":[{"embeddable":true,"href":"https:\/\/www.enovacom.com\/fr-int\/wp-json\/wp\/v2\/users\/1001133"}],"replies":[{"embeddable":true,"href":"https:\/\/www.enovacom.com\/fr-int\/wp-json\/wp\/v2\/comments?post=95380"}],"version-history":[{"count":13,"href":"https:\/\/www.enovacom.com\/fr-int\/wp-json\/wp\/v2\/pages\/95380\/revisions"}],"predecessor-version":[{"id":96297,"href":"https:\/\/www.enovacom.com\/fr-int\/wp-json\/wp\/v2\/pages\/95380\/revisions\/96297"}],"wp:attachment":[{"href":"https:\/\/www.enovacom.com\/fr-int\/wp-json\/wp\/v2\/media?parent=95380"}],"curies":[{"name":"wp","href":"https:\/\/api.w.org\/{rel}","templated":true}]}}