{"id":96647,"date":"2024-01-24T11:26:24","date_gmt":"2024-01-24T10:26:24","guid":{"rendered":"https:\/\/www.enovacom.com\/onze-projecten\/"},"modified":"2024-06-05T16:12:37","modified_gmt":"2024-06-05T14:12:37","slug":"onze-projecten","status":"publish","type":"page","link":"https:\/\/www.enovacom.com\/nl\/onze-projecten\/","title":{"rendered":"Onze projecten"},"content":{"rendered":"\t\t<div data-elementor-type=\"wp-page\" data-elementor-id=\"96647\" class=\"elementor elementor-96647 elementor-91962\" data-elementor-post-type=\"page\">\n\t\t\t\t<div class=\"elementor-element elementor-element-75a14e1 e-flex e-con-boxed e-con e-parent\" data-id=\"75a14e1\" data-element_type=\"container\" data-e-type=\"container\">\n\t\t\t\t\t<div class=\"e-con-inner\">\n\t\t\t\t<div class=\"elementor-element elementor-element-a630d06 elementor-widget elementor-widget-text-editor\" data-id=\"a630d06\" data-element_type=\"widget\" data-e-type=\"widget\" data-widget_type=\"text-editor.default\">\n\t\t\t\t<div class=\"elementor-widget-container\">\n\t\t\t\t\t\t\t\t\t<p><span class=\"NormalTextRun SCXW49765535 BCX8\">Sinds ruim 20 jaar begeleiden wij gezondheidszorginstellingen bij hun digitale transformatie. <\/span>Interoperabiliteit, datawarehouse, biomedische interoperabiliteit, toegangsrechten: ontdek hoe de oplossingen van Enovacom onze klanten helpen tijd te besparen.<\/p>\t\t\t\t\t\t\t\t<\/div>\n\t\t\t\t<\/div>\n\t\t\t\t\t<\/div>\n\t\t\t\t<\/div>\n\t\t<div class=\"elementor-element elementor-element-f16cbb7 e-flex e-con-boxed e-con e-parent\" data-id=\"f16cbb7\" data-element_type=\"container\" data-e-type=\"container\">\n\t\t\t\t\t<div class=\"e-con-inner\">\n\t\t\t\t<div class=\"elementor-element elementor-element-9e974e5 elementor-grid-3 elementor-grid-tablet-2 elementor-grid-mobile-1 elementor-posts--thumbnail-top elementor-widget elementor-widget-posts\" data-id=\"9e974e5\" data-element_type=\"widget\" data-e-type=\"widget\" data-settings=\"{&quot;pagination_type&quot;:&quot;numbers&quot;,&quot;classic_columns&quot;:&quot;3&quot;,&quot;classic_columns_tablet&quot;:&quot;2&quot;,&quot;classic_columns_mobile&quot;:&quot;1&quot;,&quot;classic_row_gap&quot;:{&quot;unit&quot;:&quot;px&quot;,&quot;size&quot;:35,&quot;sizes&quot;:[]},&quot;classic_row_gap_tablet&quot;:{&quot;unit&quot;:&quot;px&quot;,&quot;size&quot;:&quot;&quot;,&quot;sizes&quot;:[]},&quot;classic_row_gap_mobile&quot;:{&quot;unit&quot;:&quot;px&quot;,&quot;size&quot;:&quot;&quot;,&quot;sizes&quot;:[]}}\" data-widget_type=\"posts.classic\">\n\t\t\t\t<div class=\"elementor-widget-container\">\n\t\t\t\t\t\t\t<div class=\"elementor-posts-container elementor-posts elementor-posts--skin-classic elementor-grid\" role=\"list\">\n\t\t\t\t<article class=\"elementor-post elementor-grid-item post-96567 realisation type-realisation status-publish has-post-thumbnail hentry categorie-realisation-datawarehouse\" role=\"listitem\">\n\t\t\t\t<a class=\"elementor-post__thumbnail__link\" href=\"https:\/\/www.enovacom.com\/nl\/realisation\/europa-ziekenhuizen-een-fhir-datawarehouse-als-centrale-bron-in-het-patientportaalproject\/\" tabindex=\"-1\" >\n\t\t\t<div class=\"elementor-post__thumbnail\"><img fetchpriority=\"high\" decoding=\"async\" width=\"300\" height=\"204\" src=\"https:\/\/www.enovacom.com\/wp-content\/uploads\/2023\/11\/Clinique-Ste-Elisabeth-300x204.webp\" class=\"attachment-medium size-medium wp-image-89502\" alt=\"\" srcset=\"https:\/\/www.enovacom.com\/wp-content\/uploads\/2023\/11\/Clinique-Ste-Elisabeth-300x204.webp 300w, https:\/\/www.enovacom.com\/wp-content\/uploads\/2023\/11\/Clinique-Ste-Elisabeth-1024x697.webp 1024w, https:\/\/www.enovacom.com\/wp-content\/uploads\/2023\/11\/Clinique-Ste-Elisabeth-768x523.webp 768w, https:\/\/www.enovacom.com\/wp-content\/uploads\/2023\/11\/Clinique-Ste-Elisabeth-1536x1046.webp 1536w, https:\/\/www.enovacom.com\/wp-content\/uploads\/2023\/11\/Clinique-Ste-Elisabeth-2048x1395.webp 2048w\" sizes=\"(max-width: 300px) 100vw, 300px\" \/><\/div>\n\t\t<\/a>\n\t\t\t\t<div class=\"elementor-post__text\">\n\t\t\t\t<h3 class=\"elementor-post__title\">\n\t\t\t<a href=\"https:\/\/www.enovacom.com\/nl\/realisation\/europa-ziekenhuizen-een-fhir-datawarehouse-als-centrale-bron-in-het-patientportaalproject\/\" >\n\t\t\t\tEuropa Ziekenhuizen: een FHIR-datawarehouse als centrale bron in het pati\u00ebntportaalproject\t\t\t<\/a>\n\t\t<\/h3>\n\t\t\t\t<\/div>\n\t\t\t\t<\/article>\n\t\t\t\t<article class=\"elementor-post elementor-grid-item post-96586 realisation type-realisation status-publish has-post-thumbnail hentry categorie-realisation-biomedische-interoperabiliteit\" role=\"listitem\">\n\t\t\t\t<a class=\"elementor-post__thumbnail__link\" href=\"https:\/\/www.enovacom.com\/nl\/realisation\/het-nova-ziekenhuis-in-jyvaskyla-een-optimaal-patienttraject-dankzij-biomedische-interoperabiliteit\/\" tabindex=\"-1\" >\n\t\t\t<div class=\"elementor-post__thumbnail\"><img decoding=\"async\" width=\"300\" height=\"232\" src=\"https:\/\/www.enovacom.com\/wp-content\/uploads\/2023\/12\/2Y4A9160tehty-300x232.jpg\" class=\"attachment-medium size-medium wp-image-89631\" alt=\"\" srcset=\"https:\/\/www.enovacom.com\/wp-content\/uploads\/2023\/12\/2Y4A9160tehty-300x232.jpg 300w, https:\/\/www.enovacom.com\/wp-content\/uploads\/2023\/12\/2Y4A9160tehty-1024x791.jpg 1024w, https:\/\/www.enovacom.com\/wp-content\/uploads\/2023\/12\/2Y4A9160tehty-768x593.jpg 768w, https:\/\/www.enovacom.com\/wp-content\/uploads\/2023\/12\/2Y4A9160tehty-1536x1187.jpg 1536w, https:\/\/www.enovacom.com\/wp-content\/uploads\/2023\/12\/2Y4A9160tehty-2048x1583.jpg 2048w\" sizes=\"(max-width: 300px) 100vw, 300px\" \/><\/div>\n\t\t<\/a>\n\t\t\t\t<div class=\"elementor-post__text\">\n\t\t\t\t<h3 class=\"elementor-post__title\">\n\t\t\t<a href=\"https:\/\/www.enovacom.com\/nl\/realisation\/het-nova-ziekenhuis-in-jyvaskyla-een-optimaal-patienttraject-dankzij-biomedische-interoperabiliteit\/\" >\n\t\t\t\tHet Nova Ziekenhuis in Jyv\u00e4skyl\u00e4: een optimaal pati\u00ebnttraject dankzij biomedische interoperabiliteit\t\t\t<\/a>\n\t\t<\/h3>\n\t\t\t\t<\/div>\n\t\t\t\t<\/article>\n\t\t\t\t<article class=\"elementor-post elementor-grid-item post-96607 realisation type-realisation status-publish has-post-thumbnail hentry categorie-realisation-interoperabiliteit\" role=\"listitem\">\n\t\t\t\t<a class=\"elementor-post__thumbnail__link\" href=\"https:\/\/www.enovacom.com\/nl\/realisation\/unilabs-het-interoperabiliteitsplatform-van-enovacom-om-de-resultaten-van-zwitserse-laboratoria-te-beheren\/\" tabindex=\"-1\" >\n\t\t\t<div class=\"elementor-post__thumbnail\"><img decoding=\"async\" width=\"300\" height=\"200\" src=\"https:\/\/www.enovacom.com\/wp-content\/uploads\/2023\/12\/AdobeStock_603233704-1-300x200.webp\" class=\"attachment-medium size-medium wp-image-89670\" alt=\"\" srcset=\"https:\/\/www.enovacom.com\/wp-content\/uploads\/2023\/12\/AdobeStock_603233704-1-300x200.webp 300w, https:\/\/www.enovacom.com\/wp-content\/uploads\/2023\/12\/AdobeStock_603233704-1-1024x683.webp 1024w, https:\/\/www.enovacom.com\/wp-content\/uploads\/2023\/12\/AdobeStock_603233704-1-768x513.webp 768w, https:\/\/www.enovacom.com\/wp-content\/uploads\/2023\/12\/AdobeStock_603233704-1-1536x1025.webp 1536w, https:\/\/www.enovacom.com\/wp-content\/uploads\/2023\/12\/AdobeStock_603233704-1-2048x1367.webp 2048w\" sizes=\"(max-width: 300px) 100vw, 300px\" \/><\/div>\n\t\t<\/a>\n\t\t\t\t<div class=\"elementor-post__text\">\n\t\t\t\t<h3 class=\"elementor-post__title\">\n\t\t\t<a href=\"https:\/\/www.enovacom.com\/nl\/realisation\/unilabs-het-interoperabiliteitsplatform-van-enovacom-om-de-resultaten-van-zwitserse-laboratoria-te-beheren\/\" >\n\t\t\t\tUnilabs: het interoperabiliteitsplatform van Enovacom om de resultaten van Zwitserse laboratoria te beheren\t\t\t<\/a>\n\t\t<\/h3>\n\t\t\t\t<\/div>\n\t\t\t\t<\/article>\n\t\t\t\t<article class=\"elementor-post elementor-grid-item post-96622 realisation type-realisation status-publish has-post-thumbnail hentry categorie-realisation-interoperabiliteit\" role=\"listitem\">\n\t\t\t\t<a class=\"elementor-post__thumbnail__link\" href=\"https:\/\/www.enovacom.com\/nl\/realisation\/integrated-biobank-of-luxembourg-interoperabiliteit-als-motor-voor-de-monitoring-van-de-biologische-en-laboratoriumstromen\/\" tabindex=\"-1\" >\n\t\t\t<div class=\"elementor-post__thumbnail\"><img loading=\"lazy\" decoding=\"async\" width=\"300\" height=\"199\" src=\"https:\/\/www.enovacom.com\/wp-content\/uploads\/2023\/12\/AdobeStock_211045328-1-300x199.jpeg\" class=\"attachment-medium size-medium wp-image-89616\" alt=\"Illustration Integrated Biobank of Luxembourg Enovacom Integration Engine R\u00e9alisation Intertop\u00e9rabilit\u00e9\" srcset=\"https:\/\/www.enovacom.com\/wp-content\/uploads\/2023\/12\/AdobeStock_211045328-1-300x199.jpeg 300w, https:\/\/www.enovacom.com\/wp-content\/uploads\/2023\/12\/AdobeStock_211045328-1-1024x679.jpeg 1024w, https:\/\/www.enovacom.com\/wp-content\/uploads\/2023\/12\/AdobeStock_211045328-1-768x509.jpeg 768w, https:\/\/www.enovacom.com\/wp-content\/uploads\/2023\/12\/AdobeStock_211045328-1-1536x1018.jpeg 1536w, https:\/\/www.enovacom.com\/wp-content\/uploads\/2023\/12\/AdobeStock_211045328-1-2048x1357.jpeg 2048w\" sizes=\"(max-width: 300px) 100vw, 300px\" \/><\/div>\n\t\t<\/a>\n\t\t\t\t<div class=\"elementor-post__text\">\n\t\t\t\t<h3 class=\"elementor-post__title\">\n\t\t\t<a href=\"https:\/\/www.enovacom.com\/nl\/realisation\/integrated-biobank-of-luxembourg-interoperabiliteit-als-motor-voor-de-monitoring-van-de-biologische-en-laboratoriumstromen\/\" >\n\t\t\t\tIntegrated Biobank of Luxembourg: interoperabiliteit als motor voor de monitoring van de biologische en laboratoriumstromen\t\t\t<\/a>\n\t\t<\/h3>\n\t\t\t\t<\/div>\n\t\t\t\t<\/article>\n\t\t\t\t<\/div>\n\t\t\n\t\t\t\t\t\t<\/div>\n\t\t\t\t<\/div>\n\t\t\t\t\t<\/div>\n\t\t\t\t<\/div>\n\t\t\t\t<\/div>\n\t\t","protected":false},"excerpt":{"rendered":"<p>Sinds ruim 20 jaar begeleiden wij gezondheidszorginstellingen bij hun digitale transformatie. Interoperabiliteit, datawarehouse, biomedische interoperabiliteit, toegangsrechten: ontdek hoe de oplossingen van Enovacom onze klanten helpen<\/p>\n","protected":false},"author":1001133,"featured_media":0,"parent":0,"menu_order":0,"comment_status":"closed","ping_status":"closed","template":"","meta":{"_acf_changed":false,"footnotes":""},"class_list":["post-96647","page","type-page","status-publish","hentry"],"acf":[],"yoast_head":"<!-- This site is optimized with the Yoast SEO plugin v27.3 - https:\/\/yoast.com\/product\/yoast-seo-wordpress\/ -->\n<title>De projecten van Enovacom in de gezondheidszorg<\/title>\n<meta name=\"description\" content=\"Interoperabiliteit, datawarehouse, toegangsrechten. Ontdek hoe de oplossingen van Enovacom onze klanten helpen tijd te besparen.\" \/>\n<meta name=\"robots\" content=\"index, follow, max-snippet:-1, max-image-preview:large, max-video-preview:-1\" \/>\n<link rel=\"canonical\" href=\"https:\/\/www.enovacom.com\/nl\/onze-projecten\/\" \/>\n<meta property=\"og:locale\" content=\"nl_NL\" \/>\n<meta property=\"og:type\" content=\"article\" \/>\n<meta property=\"og:title\" content=\"De projecten van Enovacom in de gezondheidszorg\" \/>\n<meta property=\"og:description\" content=\"Interoperabiliteit, datawarehouse, toegangsrechten. Ontdek hoe de oplossingen van Enovacom onze klanten helpen tijd te besparen.\" \/>\n<meta property=\"og:url\" content=\"https:\/\/www.enovacom.com\/nl\/onze-projecten\/\" \/>\n<meta property=\"og:site_name\" content=\"Enovacom\" \/>\n<meta property=\"article:publisher\" content=\"https:\/\/www.facebook.com\/enovacom\" \/>\n<meta property=\"article:modified_time\" content=\"2024-06-05T14:12:37+00:00\" \/>\n<meta property=\"og:image\" content=\"https:\/\/www.enovacom.com\/wp-content\/uploads\/2023\/10\/Group-13.png\" \/>\n\t<meta property=\"og:image:width\" content=\"1440\" \/>\n\t<meta property=\"og:image:height\" content=\"860\" \/>\n\t<meta property=\"og:image:type\" content=\"image\/png\" \/>\n<meta name=\"twitter:card\" content=\"summary_large_image\" \/>\n<meta name=\"twitter:site\" content=\"@enovacom_fr\" \/>\n<meta name=\"twitter:label1\" content=\"Geschatte leestijd\" \/>\n\t<meta name=\"twitter:data1\" content=\"1 minuut\" \/>\n<script type=\"application\/ld+json\" class=\"yoast-schema-graph\">{\"@context\":\"https:\\\/\\\/schema.org\",\"@graph\":[{\"@type\":\"WebPage\",\"@id\":\"https:\\\/\\\/www.enovacom.com\\\/nl\\\/onze-projecten\\\/\",\"url\":\"https:\\\/\\\/www.enovacom.com\\\/nl\\\/onze-projecten\\\/\",\"name\":\"De projecten van Enovacom in de gezondheidszorg\",\"isPartOf\":{\"@id\":\"https:\\\/\\\/www.enovacom.com\\\/nl\\\/#website\"},\"datePublished\":\"2024-01-24T10:26:24+00:00\",\"dateModified\":\"2024-06-05T14:12:37+00:00\",\"description\":\"Interoperabiliteit, datawarehouse, toegangsrechten. Ontdek hoe de oplossingen van Enovacom onze klanten helpen tijd te besparen.\",\"breadcrumb\":{\"@id\":\"https:\\\/\\\/www.enovacom.com\\\/nl\\\/onze-projecten\\\/#breadcrumb\"},\"inLanguage\":\"nl-NL\",\"potentialAction\":[{\"@type\":\"ReadAction\",\"target\":[\"https:\\\/\\\/www.enovacom.com\\\/nl\\\/onze-projecten\\\/\"]}]},{\"@type\":\"BreadcrumbList\",\"@id\":\"https:\\\/\\\/www.enovacom.com\\\/nl\\\/onze-projecten\\\/#breadcrumb\",\"itemListElement\":[{\"@type\":\"ListItem\",\"position\":1,\"name\":\"Enovacom\",\"item\":\"https:\\\/\\\/www.enovacom.com\\\/nl\\\/\"},{\"@type\":\"ListItem\",\"position\":2,\"name\":\"Onze projecten\"}]},{\"@type\":\"WebSite\",\"@id\":\"https:\\\/\\\/www.enovacom.com\\\/nl\\\/#website\",\"url\":\"https:\\\/\\\/www.enovacom.com\\\/nl\\\/\",\"name\":\"Enovacom\",\"description\":\"Facilitons l\u2019\u00e9change et le partage des donn\u00e9es de sant\u00e9, en toute confiance\",\"publisher\":{\"@id\":\"https:\\\/\\\/www.enovacom.com\\\/nl\\\/#organization\"},\"potentialAction\":[{\"@type\":\"SearchAction\",\"target\":{\"@type\":\"EntryPoint\",\"urlTemplate\":\"https:\\\/\\\/www.enovacom.com\\\/nl\\\/?s={search_term_string}\"},\"query-input\":{\"@type\":\"PropertyValueSpecification\",\"valueRequired\":true,\"valueName\":\"search_term_string\"}}],\"inLanguage\":\"nl-NL\"},{\"@type\":\"Organization\",\"@id\":\"https:\\\/\\\/www.enovacom.com\\\/nl\\\/#organization\",\"name\":\"Enovacom\",\"url\":\"https:\\\/\\\/www.enovacom.com\\\/nl\\\/\",\"logo\":{\"@type\":\"ImageObject\",\"inLanguage\":\"nl-NL\",\"@id\":\"https:\\\/\\\/www.enovacom.com\\\/nl\\\/#\\\/schema\\\/logo\\\/image\\\/\",\"url\":\"https:\\\/\\\/www.enovacom.com\\\/wp-content\\\/uploads\\\/2023\\\/10\\\/logo-texte.svg\",\"contentUrl\":\"https:\\\/\\\/www.enovacom.com\\\/wp-content\\\/uploads\\\/2023\\\/10\\\/logo-texte.svg\",\"width\":209,\"height\":41,\"caption\":\"Enovacom\"},\"image\":{\"@id\":\"https:\\\/\\\/www.enovacom.com\\\/nl\\\/#\\\/schema\\\/logo\\\/image\\\/\"},\"sameAs\":[\"https:\\\/\\\/www.facebook.com\\\/enovacom\",\"https:\\\/\\\/x.com\\\/enovacom_fr\",\"https:\\\/\\\/www.linkedin.com\\\/company\\\/enovacom\\\/\"]}]}<\/script>\n<!-- \/ Yoast SEO plugin. -->","yoast_head_json":{"title":"De projecten van Enovacom in de gezondheidszorg","description":"Interoperabiliteit, datawarehouse, toegangsrechten. Ontdek hoe de oplossingen van Enovacom onze klanten helpen tijd te besparen.","robots":{"index":"index","follow":"follow","max-snippet":"max-snippet:-1","max-image-preview":"max-image-preview:large","max-video-preview":"max-video-preview:-1"},"canonical":"https:\/\/www.enovacom.com\/nl\/onze-projecten\/","og_locale":"nl_NL","og_type":"article","og_title":"De projecten van Enovacom in de gezondheidszorg","og_description":"Interoperabiliteit, datawarehouse, toegangsrechten. Ontdek hoe de oplossingen van Enovacom onze klanten helpen tijd te besparen.","og_url":"https:\/\/www.enovacom.com\/nl\/onze-projecten\/","og_site_name":"Enovacom","article_publisher":"https:\/\/www.facebook.com\/enovacom","article_modified_time":"2024-06-05T14:12:37+00:00","og_image":[{"width":1440,"height":860,"url":"https:\/\/www.enovacom.com\/wp-content\/uploads\/2023\/10\/Group-13.png","type":"image\/png"}],"twitter_card":"summary_large_image","twitter_site":"@enovacom_fr","twitter_misc":{"Geschatte leestijd":"1 minuut"},"schema":{"@context":"https:\/\/schema.org","@graph":[{"@type":"WebPage","@id":"https:\/\/www.enovacom.com\/nl\/onze-projecten\/","url":"https:\/\/www.enovacom.com\/nl\/onze-projecten\/","name":"De projecten van Enovacom in de gezondheidszorg","isPartOf":{"@id":"https:\/\/www.enovacom.com\/nl\/#website"},"datePublished":"2024-01-24T10:26:24+00:00","dateModified":"2024-06-05T14:12:37+00:00","description":"Interoperabiliteit, datawarehouse, toegangsrechten. Ontdek hoe de oplossingen van Enovacom onze klanten helpen tijd te besparen.","breadcrumb":{"@id":"https:\/\/www.enovacom.com\/nl\/onze-projecten\/#breadcrumb"},"inLanguage":"nl-NL","potentialAction":[{"@type":"ReadAction","target":["https:\/\/www.enovacom.com\/nl\/onze-projecten\/"]}]},{"@type":"BreadcrumbList","@id":"https:\/\/www.enovacom.com\/nl\/onze-projecten\/#breadcrumb","itemListElement":[{"@type":"ListItem","position":1,"name":"Enovacom","item":"https:\/\/www.enovacom.com\/nl\/"},{"@type":"ListItem","position":2,"name":"Onze projecten"}]},{"@type":"WebSite","@id":"https:\/\/www.enovacom.com\/nl\/#website","url":"https:\/\/www.enovacom.com\/nl\/","name":"Enovacom","description":"Facilitons l\u2019\u00e9change et le partage des donn\u00e9es de sant\u00e9, en toute confiance","publisher":{"@id":"https:\/\/www.enovacom.com\/nl\/#organization"},"potentialAction":[{"@type":"SearchAction","target":{"@type":"EntryPoint","urlTemplate":"https:\/\/www.enovacom.com\/nl\/?s={search_term_string}"},"query-input":{"@type":"PropertyValueSpecification","valueRequired":true,"valueName":"search_term_string"}}],"inLanguage":"nl-NL"},{"@type":"Organization","@id":"https:\/\/www.enovacom.com\/nl\/#organization","name":"Enovacom","url":"https:\/\/www.enovacom.com\/nl\/","logo":{"@type":"ImageObject","inLanguage":"nl-NL","@id":"https:\/\/www.enovacom.com\/nl\/#\/schema\/logo\/image\/","url":"https:\/\/www.enovacom.com\/wp-content\/uploads\/2023\/10\/logo-texte.svg","contentUrl":"https:\/\/www.enovacom.com\/wp-content\/uploads\/2023\/10\/logo-texte.svg","width":209,"height":41,"caption":"Enovacom"},"image":{"@id":"https:\/\/www.enovacom.com\/nl\/#\/schema\/logo\/image\/"},"sameAs":["https:\/\/www.facebook.com\/enovacom","https:\/\/x.com\/enovacom_fr","https:\/\/www.linkedin.com\/company\/enovacom\/"]}]}},"_links":{"self":[{"href":"https:\/\/www.enovacom.com\/nl\/wp-json\/wp\/v2\/pages\/96647","targetHints":{"allow":["GET"]}}],"collection":[{"href":"https:\/\/www.enovacom.com\/nl\/wp-json\/wp\/v2\/pages"}],"about":[{"href":"https:\/\/www.enovacom.com\/nl\/wp-json\/wp\/v2\/types\/page"}],"author":[{"embeddable":true,"href":"https:\/\/www.enovacom.com\/nl\/wp-json\/wp\/v2\/users\/1001133"}],"replies":[{"embeddable":true,"href":"https:\/\/www.enovacom.com\/nl\/wp-json\/wp\/v2\/comments?post=96647"}],"version-history":[{"count":5,"href":"https:\/\/www.enovacom.com\/nl\/wp-json\/wp\/v2\/pages\/96647\/revisions"}],"predecessor-version":[{"id":96652,"href":"https:\/\/www.enovacom.com\/nl\/wp-json\/wp\/v2\/pages\/96647\/revisions\/96652"}],"wp:attachment":[{"href":"https:\/\/www.enovacom.com\/nl\/wp-json\/wp\/v2\/media?parent=96647"}],"curies":[{"name":"wp","href":"https:\/\/api.w.org\/{rel}","templated":true}]}}